{"id":412,"date":"2020-05-13T08:15:41","date_gmt":"2020-05-13T08:15:41","guid":{"rendered":"https:\/\/www.edugestion.es\/web\/?page_id=412"},"modified":"2020-05-13T08:18:01","modified_gmt":"2020-05-13T08:18:01","slug":"control-horario","status":"publish","type":"page","link":"https:\/\/www.edugestion.es\/web\/control-horario\/","title":{"rendered":"Control horario"},"content":{"rendered":"\n<p>Dentro del aplicativo Edugesti\u00f3n disponemos tambi\u00e9n de un sistema de control horario, a fin de que todo el personal docente y administrativo pueda registrar su jornada laboral, seg\u00fan la nueva normativa.<\/p>\n\n\n\n<p> &#8211; De este modo, se podr\u00e1n marcar todas las horas, ya sean lectivas, no lectivas, de formaci\u00f3n, etc.  <\/p>\n\n\n\n<p>&#8211; El sistema guarda autom\u00e1ticamente la geolocalizaci\u00f3n del usuario. <\/p>\n\n\n\n<p>&#8211; El administrador tiene opci\u00f3n de ver y listar la informaci\u00f3n guardada de todo el personal, con el total de horas realizadas de cada uno. <\/p>\n\n\n\n<p>&#8211; Tambi\u00e9n se pueden crear rectificaciones, en caso de error de marcaci\u00f3n. <\/p>\n\n\n\n<p>&#8211; Todo ello integrado en la misma App de la escuela. <\/p>\n\n\n\n<p><\/p>\n\n\n\n<p><\/p>\n\n\n\n<div class=\"wp-block-image\"><figure class=\"alignleft\"><img decoding=\"async\" src=\"https:\/\/www.edugestio.com\/web\/wp-content\/uploads\/2019\/10\/Screenshot_20190605-161553_Escola-Cam-del-Mig-173x300.jpg\" alt=\"\" class=\"wp-image-488\"\/><\/figure><\/div>\n\n\n\n<p><\/p>\n\n\n\n<p><\/p>\n\n\n\n<p><\/p>\n\n\n\n<p><\/p>\n\n\n\n<p>Si desean  m\u00e1s informaci\u00f3n\u00a0 sobre este servicio contacten con nosotros:<\/p>\n\n\n\n<p><strong>Tel. 930.133.503<\/strong><\/p>\n\n\n\n<p><a href=\"mailto:info@dumainteractiva.com\"><strong>info@dumainteractiva.com<\/strong><\/a><\/p>\n","protected":false},"excerpt":{"rendered":"<p class=\"qua-blog-post-description\">Dentro del aplicativo Edugesti\u00f3n disponemos tambi\u00e9n de un sistema de control horario, a fin de que todo el personal docente y administrativo pueda registrar su jornada laboral, seg\u00fan la nueva normativa. &#8211; De este modo, se podr\u00e1n marcar todas las horas, ya sean lectivas, no lectivas, de formaci\u00f3n, etc. &#8211; El sistema guarda autom\u00e1ticamente la [&hellip;]<\/p>\n","protected":false},"author":1,"featured_media":0,"parent":0,"menu_order":0,"comment_status":"closed","ping_status":"closed","template":"","meta":{"footnotes":""},"class_list":["post-412","page","type-page","status-publish","hentry"],"yoast_head":"<!-- This site is optimized with the Yoast SEO plugin v27.2 - https:\/\/yoast.com\/product\/yoast-seo-wordpress\/ -->\n<title>Control horario - Edugesti\u00f3n<\/title>\n<meta name=\"robots\" content=\"index, follow, max-snippet:-1, max-image-preview:large, max-video-preview:-1\" \/>\n<link rel=\"canonical\" href=\"https:\/\/www.edugestion.es\/web\/control-horario\/\" \/>\n<meta property=\"og:locale\" content=\"es_ES\" \/>\n<meta property=\"og:type\" content=\"article\" \/>\n<meta property=\"og:title\" content=\"Control horario - Edugesti\u00f3n\" \/>\n<meta property=\"og:description\" content=\"Dentro del aplicativo Edugesti\u00f3n disponemos tambi\u00e9n de un sistema de control horario, a fin de que todo el personal docente y administrativo pueda registrar su jornada laboral, seg\u00fan la nueva normativa. &#8211; De este modo, se podr\u00e1n marcar todas las horas, ya sean lectivas, no lectivas, de formaci\u00f3n, etc. &#8211; El sistema guarda autom\u00e1ticamente la [&hellip;]\" \/>\n<meta property=\"og:url\" content=\"https:\/\/www.edugestion.es\/web\/control-horario\/\" \/>\n<meta property=\"og:site_name\" content=\"Edugesti\u00f3n\" \/>\n<meta property=\"article:modified_time\" content=\"2020-05-13T08:18:01+00:00\" \/>\n<meta property=\"og:image\" content=\"https:\/\/www.edugestio.com\/web\/wp-content\/uploads\/2019\/10\/Screenshot_20190605-161553_Escola-Cam-del-Mig-173x300.jpg\" \/>\n<meta name=\"twitter:card\" content=\"summary_large_image\" \/>\n<meta name=\"twitter:label1\" content=\"Tiempo de lectura\" \/>\n\t<meta name=\"twitter:data1\" content=\"1 minuto\" \/>\n<script type=\"application\/ld+json\" class=\"yoast-schema-graph\">{\"@context\":\"https:\/\/schema.org\",\"@graph\":[{\"@type\":\"WebPage\",\"@id\":\"https:\/\/www.edugestion.es\/web\/control-horario\/\",\"url\":\"https:\/\/www.edugestion.es\/web\/control-horario\/\",\"name\":\"Control horario - Edugesti\u00f3n\",\"isPartOf\":{\"@id\":\"https:\/\/www.edugestion.es\/web\/#website\"},\"primaryImageOfPage\":{\"@id\":\"https:\/\/www.edugestion.es\/web\/control-horario\/#primaryimage\"},\"image\":{\"@id\":\"https:\/\/www.edugestion.es\/web\/control-horario\/#primaryimage\"},\"thumbnailUrl\":\"https:\/\/www.edugestio.com\/web\/wp-content\/uploads\/2019\/10\/Screenshot_20190605-161553_Escola-Cam-del-Mig-173x300.jpg\",\"datePublished\":\"2020-05-13T08:15:41+00:00\",\"dateModified\":\"2020-05-13T08:18:01+00:00\",\"breadcrumb\":{\"@id\":\"https:\/\/www.edugestion.es\/web\/control-horario\/#breadcrumb\"},\"inLanguage\":\"es\",\"potentialAction\":[{\"@type\":\"ReadAction\",\"target\":[\"https:\/\/www.edugestion.es\/web\/control-horario\/\"]}]},{\"@type\":\"ImageObject\",\"inLanguage\":\"es\",\"@id\":\"https:\/\/www.edugestion.es\/web\/control-horario\/#primaryimage\",\"url\":\"https:\/\/www.edugestio.com\/web\/wp-content\/uploads\/2019\/10\/Screenshot_20190605-161553_Escola-Cam-del-Mig-173x300.jpg\",\"contentUrl\":\"https:\/\/www.edugestio.com\/web\/wp-content\/uploads\/2019\/10\/Screenshot_20190605-161553_Escola-Cam-del-Mig-173x300.jpg\"},{\"@type\":\"BreadcrumbList\",\"@id\":\"https:\/\/www.edugestion.es\/web\/control-horario\/#breadcrumb\",\"itemListElement\":[{\"@type\":\"ListItem\",\"position\":1,\"name\":\"Portada\",\"item\":\"https:\/\/www.edugestion.es\/web\/\"},{\"@type\":\"ListItem\",\"position\":2,\"name\":\"Control horario\"}]},{\"@type\":\"WebSite\",\"@id\":\"https:\/\/www.edugestion.es\/web\/#website\",\"url\":\"https:\/\/www.edugestion.es\/web\/\",\"name\":\"Edugesti\u00f3n\",\"description\":\"Servicios complementarios a vuestro programa de gesti\u00f3n\",\"potentialAction\":[{\"@type\":\"SearchAction\",\"target\":{\"@type\":\"EntryPoint\",\"urlTemplate\":\"https:\/\/www.edugestion.es\/web\/?s={search_term_string}\"},\"query-input\":{\"@type\":\"PropertyValueSpecification\",\"valueRequired\":true,\"valueName\":\"search_term_string\"}}],\"inLanguage\":\"es\"}]}<\/script>\n<!-- \/ Yoast SEO plugin. -->","yoast_head_json":{"title":"Control horario - Edugesti\u00f3n","robots":{"index":"index","follow":"follow","max-snippet":"max-snippet:-1","max-image-preview":"max-image-preview:large","max-video-preview":"max-video-preview:-1"},"canonical":"https:\/\/www.edugestion.es\/web\/control-horario\/","og_locale":"es_ES","og_type":"article","og_title":"Control horario - Edugesti\u00f3n","og_description":"Dentro del aplicativo Edugesti\u00f3n disponemos tambi\u00e9n de un sistema de control horario, a fin de que todo el personal docente y administrativo pueda registrar su jornada laboral, seg\u00fan la nueva normativa. &#8211; De este modo, se podr\u00e1n marcar todas las horas, ya sean lectivas, no lectivas, de formaci\u00f3n, etc. &#8211; El sistema guarda autom\u00e1ticamente la [&hellip;]","og_url":"https:\/\/www.edugestion.es\/web\/control-horario\/","og_site_name":"Edugesti\u00f3n","article_modified_time":"2020-05-13T08:18:01+00:00","og_image":[{"url":"https:\/\/www.edugestio.com\/web\/wp-content\/uploads\/2019\/10\/Screenshot_20190605-161553_Escola-Cam-del-Mig-173x300.jpg","type":"","width":"","height":""}],"twitter_card":"summary_large_image","twitter_misc":{"Tiempo de lectura":"1 minuto"},"schema":{"@context":"https:\/\/schema.org","@graph":[{"@type":"WebPage","@id":"https:\/\/www.edugestion.es\/web\/control-horario\/","url":"https:\/\/www.edugestion.es\/web\/control-horario\/","name":"Control horario - Edugesti\u00f3n","isPartOf":{"@id":"https:\/\/www.edugestion.es\/web\/#website"},"primaryImageOfPage":{"@id":"https:\/\/www.edugestion.es\/web\/control-horario\/#primaryimage"},"image":{"@id":"https:\/\/www.edugestion.es\/web\/control-horario\/#primaryimage"},"thumbnailUrl":"https:\/\/www.edugestio.com\/web\/wp-content\/uploads\/2019\/10\/Screenshot_20190605-161553_Escola-Cam-del-Mig-173x300.jpg","datePublished":"2020-05-13T08:15:41+00:00","dateModified":"2020-05-13T08:18:01+00:00","breadcrumb":{"@id":"https:\/\/www.edugestion.es\/web\/control-horario\/#breadcrumb"},"inLanguage":"es","potentialAction":[{"@type":"ReadAction","target":["https:\/\/www.edugestion.es\/web\/control-horario\/"]}]},{"@type":"ImageObject","inLanguage":"es","@id":"https:\/\/www.edugestion.es\/web\/control-horario\/#primaryimage","url":"https:\/\/www.edugestio.com\/web\/wp-content\/uploads\/2019\/10\/Screenshot_20190605-161553_Escola-Cam-del-Mig-173x300.jpg","contentUrl":"https:\/\/www.edugestio.com\/web\/wp-content\/uploads\/2019\/10\/Screenshot_20190605-161553_Escola-Cam-del-Mig-173x300.jpg"},{"@type":"BreadcrumbList","@id":"https:\/\/www.edugestion.es\/web\/control-horario\/#breadcrumb","itemListElement":[{"@type":"ListItem","position":1,"name":"Portada","item":"https:\/\/www.edugestion.es\/web\/"},{"@type":"ListItem","position":2,"name":"Control horario"}]},{"@type":"WebSite","@id":"https:\/\/www.edugestion.es\/web\/#website","url":"https:\/\/www.edugestion.es\/web\/","name":"Edugesti\u00f3n","description":"Servicios complementarios a vuestro programa de gesti\u00f3n","potentialAction":[{"@type":"SearchAction","target":{"@type":"EntryPoint","urlTemplate":"https:\/\/www.edugestion.es\/web\/?s={search_term_string}"},"query-input":{"@type":"PropertyValueSpecification","valueRequired":true,"valueName":"search_term_string"}}],"inLanguage":"es"}]}},"_links":{"self":[{"href":"https:\/\/www.edugestion.es\/web\/wp-json\/wp\/v2\/pages\/412","targetHints":{"allow":["GET"]}}],"collection":[{"href":"https:\/\/www.edugestion.es\/web\/wp-json\/wp\/v2\/pages"}],"about":[{"href":"https:\/\/www.edugestion.es\/web\/wp-json\/wp\/v2\/types\/page"}],"author":[{"embeddable":true,"href":"https:\/\/www.edugestion.es\/web\/wp-json\/wp\/v2\/users\/1"}],"replies":[{"embeddable":true,"href":"https:\/\/www.edugestion.es\/web\/wp-json\/wp\/v2\/comments?post=412"}],"version-history":[{"count":4,"href":"https:\/\/www.edugestion.es\/web\/wp-json\/wp\/v2\/pages\/412\/revisions"}],"predecessor-version":[{"id":417,"href":"https:\/\/www.edugestion.es\/web\/wp-json\/wp\/v2\/pages\/412\/revisions\/417"}],"wp:attachment":[{"href":"https:\/\/www.edugestion.es\/web\/wp-json\/wp\/v2\/media?parent=412"}],"curies":[{"name":"wp","href":"https:\/\/api.w.org\/{rel}","templated":true}]}}