{"id":44,"date":"2017-03-15T11:42:07","date_gmt":"2017-03-15T11:42:07","guid":{"rendered":"http:\/\/edugestion.es\/web\/?page_id=44"},"modified":"2023-12-12T11:26:55","modified_gmt":"2023-12-12T11:26:55","slug":"contacta","status":"publish","type":"page","link":"https:\/\/www.edugestion.es\/web\/contacta\/","title":{"rendered":"Contacta"},"content":{"rendered":"\n<div class=\"wp-block-columns has-background is-layout-flex wp-container-core-columns-is-layout-9d6595d7 wp-block-columns-is-layout-flex\" style=\"background-color:#8dd2fc17\">\n<div class=\"wp-block-column is-vertically-aligned-center is-layout-flow wp-block-column-is-layout-flow\" style=\"flex-basis:33.33%\"><div class=\"wp-block-image\">\n<figure class=\"aligncenter size-full is-resized\"><a href=\"https:\/\/www.dumainteractiva.com\/\" target=\"_blank\" rel=\"noreferrer noopener\"><img loading=\"lazy\" decoding=\"async\" width=\"350\" height=\"236\" src=\"https:\/\/www.edugestion.es\/web\/wp-content\/uploads\/2023\/11\/Duma_logo_2022-transparent-1024x691-350x236-1.png\" alt=\"\" class=\"wp-image-610\" style=\"aspect-ratio:1.4830508474576272;width:150px\" srcset=\"https:\/\/www.edugestion.es\/web\/wp-content\/uploads\/2023\/11\/Duma_logo_2022-transparent-1024x691-350x236-1.png 350w, https:\/\/www.edugestion.es\/web\/wp-content\/uploads\/2023\/11\/Duma_logo_2022-transparent-1024x691-350x236-1-300x202.png 300w\" sizes=\"auto, (max-width: 350px) 100vw, 350px\" \/><\/a><\/figure>\n<\/div><\/div>\n\n\n\n<div class=\"wp-block-column is-vertically-aligned-center is-layout-flow wp-block-column-is-layout-flow\" style=\"flex-basis:66.66%\">\n<p><strong>Edugesti\u00f3n <\/strong>es un servicio de <a rel=\"noreferrer noopener\" aria-label=\" (abre en una nueva pesta\u00f1a)\" href=\"https:\/\/www.dumainteractiva.com\/\" target=\"_blank\">Duma Next<\/a>, formada por profesionales de la tecnolog\u00eda y la comunicaci\u00f3n con m\u00e1s de 20 a\u00f1os de experiencia.<\/p>\n<\/div>\n<\/div>\n\n\n\n<div style=\"height:20px\" aria-hidden=\"true\" class=\"wp-block-spacer\"><\/div>\n\n\n\n<p>Mediante este formulario puedes enviarnos cualquier duda o solicitud de presupuesto y te responderemos lo antes posible, o si lo prefieres puedes contactar con nosotros por tel\u00e9fono&nbsp;(horario de oficina).<\/p>\n\n\n\n<div class=\"wp-block-columns is-layout-flex wp-container-core-columns-is-layout-9d6595d7 wp-block-columns-is-layout-flex\">\n<div class=\"wp-block-column is-layout-flow wp-block-column-is-layout-flow\">\n<h4 class=\"wp-block-heading\">Barcelona<\/h4>\n\n\n\n<ul class=\"wp-block-list\">\n<li>C\/Santa Teresa, 39, 1\u00ba, 08302 Matar\u00f3 (Barcelona)<\/li>\n\n\n\n<li><a href=\"tel:+34 930 133 503\">+34 930 133 503<\/a><\/li>\n\n\n\n<li><a href=\"tel:+34 606 279 337\">+34 606 279 337<\/a><\/li>\n\n\n\n<li><a href=\"mailto:info@dumainteractiva.com\">info@dumainteractiva.com<\/a><\/li>\n<\/ul>\n\n\n\n<iframe src=\"https:\/\/www.google.com\/maps\/embed?pb=!1m18!1m12!1m3!1d2986.3526370722484!2d2.4380771154305347!3d41.53996137925049!2m3!1f0!2f0!3f0!3m2!1i1024!2i768!4f13.1!3m3!1m2!1s0x12a4b51f56d96147%3A0x294cbce3cddc2701!2sDuma%20Interactiva!5e0!3m2!1ses!2ses!4v1652089532672!5m2!1ses!2ses\" width=\"100%\" height=\"200\" style=\"border:0;\" allowfullscreen=\"\" loading=\"lazy\" referrerpolicy=\"no-referrer-when-downgrade\"><\/iframe>\n\n\n\n<p><\/p>\n\n\n\n<h4 class=\"wp-block-heading\">Murcia<\/h4>\n\n\n\n<ul class=\"wp-block-list\">\n<li>Archena (Murcia)<\/li>\n\n\n\n<li><a href=\"tel:+34 930 133 503\">+34 930 133 503<\/a><\/li>\n\n\n\n<li><a href=\"tel:+34 606 279 337\">+34 606 279 337<\/a><\/li>\n\n\n\n<li><a href=\"mailto:info@dumainteractiva.com\">info@dumainteractiva.com<\/a><\/li>\n<\/ul>\n\n\n\n<iframe src=\"https:\/\/www.google.com\/maps\/embed?pb=!1m18!1m12!1m3!1d12555.952158545459!2d-1.3124207721982797!3d38.117212657070645!2m3!1f0!2f0!3f0!3m2!1i1024!2i768!4f13.1!3m3!1m2!1s0xd647a3e78e55b85%3A0x6dbd706b5c515aaf!2sArchena%2C%20Murcia!5e0!3m2!1ses!2ses!4v1652091172337!5m2!1ses!2ses\" width=\"100%\" height=\"200\" style=\"border:0;\" allowfullscreen=\"\" loading=\"lazy\" referrerpolicy=\"no-referrer-when-downgrade\"><\/iframe>\n<\/div>\n\n\n\n<div class=\"wp-block-column is-vertically-aligned-top is-layout-flow wp-block-column-is-layout-flow\">\n<div style=\"height:50px\" aria-hidden=\"true\" class=\"wp-block-spacer\"><\/div>\n\n\n\n<div class=\"wp-block-contact-form-7-contact-form-selector\">\n<div class=\"wpcf7 no-js\" id=\"wpcf7-f186-o1\" lang=\"es-ES\" dir=\"ltr\" data-wpcf7-id=\"186\">\n<div class=\"screen-reader-response\"><p role=\"status\" aria-live=\"polite\" aria-atomic=\"true\"><\/p> <ul><\/ul><\/div>\n<form action=\"\/web\/wp-json\/wp\/v2\/pages\/44#wpcf7-f186-o1\" method=\"post\" class=\"wpcf7-form init\" aria-label=\"Formulario de contacto\" novalidate=\"novalidate\" data-status=\"init\">\n<fieldset class=\"hidden-fields-container\"><input type=\"hidden\" name=\"_wpcf7\" value=\"186\" \/><input type=\"hidden\" name=\"_wpcf7_version\" value=\"6.1.5\" \/><input type=\"hidden\" name=\"_wpcf7_locale\" value=\"es_ES\" \/><input type=\"hidden\" name=\"_wpcf7_unit_tag\" value=\"wpcf7-f186-o1\" \/><input type=\"hidden\" name=\"_wpcf7_container_post\" value=\"0\" \/><input type=\"hidden\" name=\"_wpcf7_posted_data_hash\" value=\"\" \/><input type=\"hidden\" name=\"_wpcf7_recaptcha_response\" value=\"\" \/>\n<\/fieldset>\n<p><label> Nombre *<br \/>\n<span class=\"wpcf7-form-control-wrap\" data-name=\"your-name\"><input size=\"40\" maxlength=\"400\" class=\"wpcf7-form-control wpcf7-text wpcf7-validates-as-required\" aria-required=\"true\" aria-invalid=\"false\" value=\"\" type=\"text\" name=\"your-name\" \/><\/span> <\/label>\n<\/p>\n<p><label> Correo electr\u00f3nico *<br \/>\n<span class=\"wpcf7-form-control-wrap\" data-name=\"your-email\"><input size=\"40\" maxlength=\"400\" class=\"wpcf7-form-control wpcf7-email wpcf7-validates-as-required wpcf7-text wpcf7-validates-as-email\" aria-required=\"true\" aria-invalid=\"false\" value=\"\" type=\"email\" name=\"your-email\" \/><\/span> <\/label>\n<\/p>\n<p><label> Tel\u00e9fono *<br \/>\n<span class=\"wpcf7-form-control-wrap\" data-name=\"Telfono\"><input size=\"40\" maxlength=\"400\" class=\"wpcf7-form-control wpcf7-tel wpcf7-validates-as-required wpcf7-text wpcf7-validates-as-tel\" aria-required=\"true\" aria-invalid=\"false\" value=\"\" type=\"tel\" name=\"Telfono\" \/><\/span> <\/label>\n<\/p>\n<p><label> Mensaje<br \/>\n<span class=\"wpcf7-form-control-wrap\" data-name=\"your-message\"><textarea cols=\"40\" rows=\"10\" maxlength=\"2000\" class=\"wpcf7-form-control wpcf7-textarea\" aria-invalid=\"false\" name=\"your-message\"><\/textarea><\/span> <\/label><br \/>\n<br \/>\n<input class=\"wpcf7-form-control wpcf7-submit has-spinner\" type=\"submit\" value=\"Enviar\" \/>\n<\/p>\n<p><span class=\"wpcf7-form-control-wrap\" data-name=\"acceptance-policity\"><span class=\"wpcf7-form-control wpcf7-acceptance\"><span class=\"wpcf7-list-item\"><label><input type=\"checkbox\" name=\"acceptance-policity\" value=\"1\" aria-invalid=\"false\" \/><span class=\"wpcf7-list-item-label\"><strong>Aceptaci\u00f3n de la protecci\u00f3n de datos<\/strong>. En cumplimiento del nuevo reglamento de protecci\u00f3n de datos le informamos que sus datos personales quedar\u00e1n incorporados y ser\u00e1n tratados en los ficheros de Duma Next, con el fin de poderle prestar nuestros servicios, as\u00ed como enviarle comunicados informativos o comerciales. Asimismo, le informamos de la posibilidad de que ejerza los derechos de acceso, rectificaci\u00f3n, cancelaci\u00f3n y oposici\u00f3n de sus datos de car\u00e1cter personal a <a href=\"mailto:info@dumainteractiva.com\">info@dumainteractiva.com<\/a><\/span><\/label><\/span><\/span><\/span>\n<\/p><div class=\"wpcf7-response-output\" aria-hidden=\"true\"><\/div>\n<\/form>\n<\/div>\n<\/div>\n\n\n\n<p class=\"has-text-align-right has-small-font-size\">Este sitio est\u00e1 protegido por reCAPTCHA de Google <a rel=\"noreferrer noopener\" href=\"https:\/\/policies.google.com\/privacy?hl=es\" target=\"_blank\">Privacidad<\/a> \u00b7 <a rel=\"noreferrer noopener\" href=\"https:\/\/policies.google.com\/terms?hl=es\" target=\"_blank\">T\u00e9rminos<\/a><\/p>\n<\/div>\n<\/div>\n","protected":false},"excerpt":{"rendered":"<p class=\"qua-blog-post-description\">Edugesti\u00f3n es un servicio de Duma Next, formada por profesionales de la tecnolog\u00eda y la comunicaci\u00f3n con m\u00e1s de 20 a\u00f1os de experiencia. Mediante este formulario puedes enviarnos cualquier duda o solicitud de presupuesto y te responderemos lo antes posible, o si lo prefieres puedes contactar con nosotros por tel\u00e9fono&nbsp;(horario de oficina). Barcelona Murcia Este [&hellip;]<\/p>\n","protected":false},"author":1,"featured_media":0,"parent":0,"menu_order":0,"comment_status":"closed","ping_status":"closed","template":"","meta":{"footnotes":""},"class_list":["post-44","page","type-page","status-publish","hentry"],"yoast_head":"<!-- This site is optimized with the Yoast SEO plugin v27.5 - https:\/\/yoast.com\/product\/yoast-seo-wordpress\/ -->\n<title>Contacta - Edugesti\u00f3n<\/title>\n<meta name=\"robots\" content=\"index, follow, max-snippet:-1, max-image-preview:large, max-video-preview:-1\" \/>\n<link rel=\"canonical\" href=\"https:\/\/www.edugestion.es\/web\/contacta\/\" \/>\n<meta property=\"og:locale\" content=\"es_ES\" \/>\n<meta property=\"og:type\" content=\"article\" \/>\n<meta property=\"og:title\" content=\"Contacta - Edugesti\u00f3n\" \/>\n<meta property=\"og:description\" content=\"Edugesti\u00f3n es un servicio de Duma Next, formada por profesionales de la tecnolog\u00eda y la comunicaci\u00f3n con m\u00e1s de 20 a\u00f1os de experiencia. Mediante este formulario puedes enviarnos cualquier duda o solicitud de presupuesto y te responderemos lo antes posible, o si lo prefieres puedes contactar con nosotros por tel\u00e9fono&nbsp;(horario de oficina). Barcelona Murcia Este [&hellip;]\" \/>\n<meta property=\"og:url\" content=\"https:\/\/www.edugestion.es\/web\/contacta\/\" \/>\n<meta property=\"og:site_name\" content=\"Edugesti\u00f3n\" \/>\n<meta property=\"article:modified_time\" content=\"2023-12-12T11:26:55+00:00\" \/>\n<meta property=\"og:image\" content=\"https:\/\/www.edugestion.es\/web\/wp-content\/uploads\/2023\/11\/Duma_logo_2022-transparent-1024x691-350x236-1.png\" \/>\n<meta name=\"twitter:card\" content=\"summary_large_image\" \/>\n<script type=\"application\/ld+json\" class=\"yoast-schema-graph\">{\"@context\":\"https:\\\/\\\/schema.org\",\"@graph\":[{\"@type\":\"WebPage\",\"@id\":\"https:\\\/\\\/www.edugestion.es\\\/web\\\/contacta\\\/\",\"url\":\"https:\\\/\\\/www.edugestion.es\\\/web\\\/contacta\\\/\",\"name\":\"Contacta - Edugesti\u00f3n\",\"isPartOf\":{\"@id\":\"https:\\\/\\\/www.edugestion.es\\\/web\\\/#website\"},\"primaryImageOfPage\":{\"@id\":\"https:\\\/\\\/www.edugestion.es\\\/web\\\/contacta\\\/#primaryimage\"},\"image\":{\"@id\":\"https:\\\/\\\/www.edugestion.es\\\/web\\\/contacta\\\/#primaryimage\"},\"thumbnailUrl\":\"https:\\\/\\\/www.edugestion.es\\\/web\\\/wp-content\\\/uploads\\\/2023\\\/11\\\/Duma_logo_2022-transparent-1024x691-350x236-1.png\",\"datePublished\":\"2017-03-15T11:42:07+00:00\",\"dateModified\":\"2023-12-12T11:26:55+00:00\",\"breadcrumb\":{\"@id\":\"https:\\\/\\\/www.edugestion.es\\\/web\\\/contacta\\\/#breadcrumb\"},\"inLanguage\":\"es\",\"potentialAction\":[{\"@type\":\"ReadAction\",\"target\":[\"https:\\\/\\\/www.edugestion.es\\\/web\\\/contacta\\\/\"]}]},{\"@type\":\"ImageObject\",\"inLanguage\":\"es\",\"@id\":\"https:\\\/\\\/www.edugestion.es\\\/web\\\/contacta\\\/#primaryimage\",\"url\":\"https:\\\/\\\/www.edugestion.es\\\/web\\\/wp-content\\\/uploads\\\/2023\\\/11\\\/Duma_logo_2022-transparent-1024x691-350x236-1.png\",\"contentUrl\":\"https:\\\/\\\/www.edugestion.es\\\/web\\\/wp-content\\\/uploads\\\/2023\\\/11\\\/Duma_logo_2022-transparent-1024x691-350x236-1.png\",\"width\":350,\"height\":236},{\"@type\":\"BreadcrumbList\",\"@id\":\"https:\\\/\\\/www.edugestion.es\\\/web\\\/contacta\\\/#breadcrumb\",\"itemListElement\":[{\"@type\":\"ListItem\",\"position\":1,\"name\":\"Portada\",\"item\":\"https:\\\/\\\/www.edugestion.es\\\/web\\\/\"},{\"@type\":\"ListItem\",\"position\":2,\"name\":\"Contacta\"}]},{\"@type\":\"WebSite\",\"@id\":\"https:\\\/\\\/www.edugestion.es\\\/web\\\/#website\",\"url\":\"https:\\\/\\\/www.edugestion.es\\\/web\\\/\",\"name\":\"Edugesti\u00f3n\",\"description\":\"Servicios complementarios a vuestro programa de gesti\u00f3n\",\"potentialAction\":[{\"@type\":\"SearchAction\",\"target\":{\"@type\":\"EntryPoint\",\"urlTemplate\":\"https:\\\/\\\/www.edugestion.es\\\/web\\\/?s={search_term_string}\"},\"query-input\":{\"@type\":\"PropertyValueSpecification\",\"valueRequired\":true,\"valueName\":\"search_term_string\"}}],\"inLanguage\":\"es\"}]}<\/script>\n<!-- \/ Yoast SEO plugin. -->","yoast_head_json":{"title":"Contacta - Edugesti\u00f3n","robots":{"index":"index","follow":"follow","max-snippet":"max-snippet:-1","max-image-preview":"max-image-preview:large","max-video-preview":"max-video-preview:-1"},"canonical":"https:\/\/www.edugestion.es\/web\/contacta\/","og_locale":"es_ES","og_type":"article","og_title":"Contacta - Edugesti\u00f3n","og_description":"Edugesti\u00f3n es un servicio de Duma Next, formada por profesionales de la tecnolog\u00eda y la comunicaci\u00f3n con m\u00e1s de 20 a\u00f1os de experiencia. Mediante este formulario puedes enviarnos cualquier duda o solicitud de presupuesto y te responderemos lo antes posible, o si lo prefieres puedes contactar con nosotros por tel\u00e9fono&nbsp;(horario de oficina). Barcelona Murcia Este [&hellip;]","og_url":"https:\/\/www.edugestion.es\/web\/contacta\/","og_site_name":"Edugesti\u00f3n","article_modified_time":"2023-12-12T11:26:55+00:00","og_image":[{"url":"https:\/\/www.edugestion.es\/web\/wp-content\/uploads\/2023\/11\/Duma_logo_2022-transparent-1024x691-350x236-1.png","type":"","width":"","height":""}],"twitter_card":"summary_large_image","schema":{"@context":"https:\/\/schema.org","@graph":[{"@type":"WebPage","@id":"https:\/\/www.edugestion.es\/web\/contacta\/","url":"https:\/\/www.edugestion.es\/web\/contacta\/","name":"Contacta - Edugesti\u00f3n","isPartOf":{"@id":"https:\/\/www.edugestion.es\/web\/#website"},"primaryImageOfPage":{"@id":"https:\/\/www.edugestion.es\/web\/contacta\/#primaryimage"},"image":{"@id":"https:\/\/www.edugestion.es\/web\/contacta\/#primaryimage"},"thumbnailUrl":"https:\/\/www.edugestion.es\/web\/wp-content\/uploads\/2023\/11\/Duma_logo_2022-transparent-1024x691-350x236-1.png","datePublished":"2017-03-15T11:42:07+00:00","dateModified":"2023-12-12T11:26:55+00:00","breadcrumb":{"@id":"https:\/\/www.edugestion.es\/web\/contacta\/#breadcrumb"},"inLanguage":"es","potentialAction":[{"@type":"ReadAction","target":["https:\/\/www.edugestion.es\/web\/contacta\/"]}]},{"@type":"ImageObject","inLanguage":"es","@id":"https:\/\/www.edugestion.es\/web\/contacta\/#primaryimage","url":"https:\/\/www.edugestion.es\/web\/wp-content\/uploads\/2023\/11\/Duma_logo_2022-transparent-1024x691-350x236-1.png","contentUrl":"https:\/\/www.edugestion.es\/web\/wp-content\/uploads\/2023\/11\/Duma_logo_2022-transparent-1024x691-350x236-1.png","width":350,"height":236},{"@type":"BreadcrumbList","@id":"https:\/\/www.edugestion.es\/web\/contacta\/#breadcrumb","itemListElement":[{"@type":"ListItem","position":1,"name":"Portada","item":"https:\/\/www.edugestion.es\/web\/"},{"@type":"ListItem","position":2,"name":"Contacta"}]},{"@type":"WebSite","@id":"https:\/\/www.edugestion.es\/web\/#website","url":"https:\/\/www.edugestion.es\/web\/","name":"Edugesti\u00f3n","description":"Servicios complementarios a vuestro programa de gesti\u00f3n","potentialAction":[{"@type":"SearchAction","target":{"@type":"EntryPoint","urlTemplate":"https:\/\/www.edugestion.es\/web\/?s={search_term_string}"},"query-input":{"@type":"PropertyValueSpecification","valueRequired":true,"valueName":"search_term_string"}}],"inLanguage":"es"}]}},"_links":{"self":[{"href":"https:\/\/www.edugestion.es\/web\/wp-json\/wp\/v2\/pages\/44","targetHints":{"allow":["GET"]}}],"collection":[{"href":"https:\/\/www.edugestion.es\/web\/wp-json\/wp\/v2\/pages"}],"about":[{"href":"https:\/\/www.edugestion.es\/web\/wp-json\/wp\/v2\/types\/page"}],"author":[{"embeddable":true,"href":"https:\/\/www.edugestion.es\/web\/wp-json\/wp\/v2\/users\/1"}],"replies":[{"embeddable":true,"href":"https:\/\/www.edugestion.es\/web\/wp-json\/wp\/v2\/comments?post=44"}],"version-history":[{"count":12,"href":"https:\/\/www.edugestion.es\/web\/wp-json\/wp\/v2\/pages\/44\/revisions"}],"predecessor-version":[{"id":618,"href":"https:\/\/www.edugestion.es\/web\/wp-json\/wp\/v2\/pages\/44\/revisions\/618"}],"wp:attachment":[{"href":"https:\/\/www.edugestion.es\/web\/wp-json\/wp\/v2\/media?parent=44"}],"curies":[{"name":"wp","href":"https:\/\/api.w.org\/{rel}","templated":true}]}}