{"id":46,"date":"2017-03-15T11:54:55","date_gmt":"2017-03-15T11:54:55","guid":{"rendered":"http:\/\/edugestion.es\/web\/?page_id=46"},"modified":"2025-12-03T14:25:23","modified_gmt":"2025-12-03T14:25:23","slug":"app-a-medida-para-escuelas","status":"publish","type":"page","link":"https:\/\/www.edugestion.es\/web\/app-a-medida-para-escuelas\/","title":{"rendered":"App a medida para colegios e institutos"},"content":{"rendered":"\n<div style=\"height:20px\" aria-hidden=\"true\" class=\"wp-block-spacer\"><\/div>\n\n\n\n<h2 class=\"wp-block-heading has-text-align-center\"><strong>Creamos la App a medida de vuestro centro o AFA para mejorar la comunicaci\u00f3n con las&nbsp;familias&nbsp;y alumnos<\/strong><\/h2>\n\n\n\n<div style=\"height:50px\" aria-hidden=\"true\" class=\"wp-block-spacer\"><\/div>\n\n\n\n<p><strong>La App dispone de las siguientes funcionalidades:<\/strong><\/p>\n\n\n\n<ul class=\"wp-block-list\">\n<li><strong>Dise\u00f1o a medida de la App<\/strong>, con su logo, colores y dise\u00f1o de botones personalizados.<\/li>\n\n\n\n<li><strong>Mensajes push App, con confirmaci\u00f3n de lectura, adjuntos y respuesta<\/strong>. Opcionalmente se pueden enviar sms o e-mails a los usuarios sin App.<\/li>\n\n\n\n<li>Sistema de <strong>autorizaciones digitales<\/strong>, que los padres pueden firmar desde la App con el dedo, sin generar un solo papel.<\/li>\n\n\n\n<li>Con <strong>sistema de pagos TPV<\/strong>, sin comisiones, el dinero va directo a la cuenta corriente de la escuela o AMPA. Posibilidad de a\u00f1adir m\u00e1s de un TPV.<\/li>\n\n\n\n<li><strong>Sistema de control de asistencia e incidencias de alumnos<\/strong>, el profesorado pueda pasar lista desde la misma App.<\/li>\n\n\n\n<li>Con la App <strong>contribuimos a cuidar el medio ambiente ahorrando papel<\/strong>, ya que todos los documentos, circulares y archivos llegan a los dispositivos de las familias en formato digital.<\/li>\n\n\n\n<li><strong>M\u00e1s de 400 centros educativos ya conf\u00edan en nuestros servicios.<\/strong><\/li>\n<\/ul>\n\n\n\n<p><\/p>\n\n\n\n<div style=\"height:50px\" aria-hidden=\"true\" class=\"wp-block-spacer\"><\/div>\n\n\n\n<figure class=\"wp-block-gallery has-nested-images columns-4 is-cropped wp-block-gallery-1 is-layout-flex wp-block-gallery-is-layout-flex\">\n<figure class=\"wp-block-image size-full\"><a href=\"https:\/\/www.edugestion.es\/web\/?attachment_id=372\"><img loading=\"lazy\" decoding=\"async\" width=\"565\" height=\"1024\" data-id=\"372\" src=\"https:\/\/www.edugestion.es\/web\/wp-content\/uploads\/2020\/04\/Disseny_App_OK-565x1024-1.jpg\" alt=\"\" class=\"wp-image-372\" srcset=\"https:\/\/www.edugestion.es\/web\/wp-content\/uploads\/2020\/04\/Disseny_App_OK-565x1024-1.jpg 565w, https:\/\/www.edugestion.es\/web\/wp-content\/uploads\/2020\/04\/Disseny_App_OK-565x1024-1-166x300.jpg 166w\" sizes=\"auto, (max-width: 565px) 100vw, 565px\" \/><\/a><\/figure>\n\n\n\n<figure class=\"wp-block-image size-medium\"><a href=\"https:\/\/www.edugestion.es\/web\/?attachment_id=377\"><img loading=\"lazy\" decoding=\"async\" width=\"174\" height=\"300\" data-id=\"377\" src=\"https:\/\/www.edugestion.es\/web\/wp-content\/uploads\/2020\/04\/disseny_app-ok-593x1024-1-174x300.jpg\" alt=\"\" class=\"wp-image-377\" srcset=\"https:\/\/www.edugestion.es\/web\/wp-content\/uploads\/2020\/04\/disseny_app-ok-593x1024-1-174x300.jpg 174w, https:\/\/www.edugestion.es\/web\/wp-content\/uploads\/2020\/04\/disseny_app-ok-593x1024-1.jpg 593w\" sizes=\"auto, (max-width: 174px) 100vw, 174px\" \/><\/a><\/figure>\n\n\n\n<figure class=\"wp-block-image size-full\"><a href=\"https:\/\/www.edugestion.es\/web\/?attachment_id=375\"><img loading=\"lazy\" decoding=\"async\" width=\"608\" height=\"1024\" data-id=\"375\" src=\"https:\/\/www.edugestion.es\/web\/wp-content\/uploads\/2020\/04\/disseny_app_3-1-608x1024-1.jpg\" alt=\"\" class=\"wp-image-375\" srcset=\"https:\/\/www.edugestion.es\/web\/wp-content\/uploads\/2020\/04\/disseny_app_3-1-608x1024-1.jpg 608w, https:\/\/www.edugestion.es\/web\/wp-content\/uploads\/2020\/04\/disseny_app_3-1-608x1024-1-178x300.jpg 178w\" sizes=\"auto, (max-width: 608px) 100vw, 608px\" \/><\/a><\/figure>\n\n\n\n<figure class=\"wp-block-image size-full\"><a href=\"https:\/\/www.edugestion.es\/web\/?attachment_id=373\"><img loading=\"lazy\" decoding=\"async\" width=\"565\" height=\"1024\" data-id=\"373\" src=\"https:\/\/www.edugestion.es\/web\/wp-content\/uploads\/2020\/04\/Disseny_App5-565x1024-1.jpg\" alt=\"\" class=\"wp-image-373\" srcset=\"https:\/\/www.edugestion.es\/web\/wp-content\/uploads\/2020\/04\/Disseny_App5-565x1024-1.jpg 565w, https:\/\/www.edugestion.es\/web\/wp-content\/uploads\/2020\/04\/Disseny_App5-565x1024-1-166x300.jpg 166w\" sizes=\"auto, (max-width: 565px) 100vw, 565px\" \/><\/a><\/figure>\n<\/figure>\n\n\n\n<p><\/p>\n\n\n\n<p class=\"has-text-align-center\">Si quieres m\u00e1s informaci\u00f3n o ejemplos de funcionamiento ponte en contacto con nosotros.<\/p>\n\n\n\n<div style=\"height:25px\" aria-hidden=\"true\" class=\"wp-block-spacer\"><\/div>\n\n\n\n<div class=\"wp-block-group has-pale-ocean-gradient-background has-background\"><div class=\"wp-block-group__inner-container is-layout-constrained wp-block-group-is-layout-constrained\">\n<div style=\"height:25px\" aria-hidden=\"true\" class=\"wp-block-spacer\"><\/div>\n\n\n\n<h2 class=\"wp-block-heading has-text-align-center\"><strong>Contacta con nosotros<\/strong><\/h2>\n\n\n\n<p class=\"has-text-align-center\" style=\"font-size:16px\">Si quieres m\u00e1s informaci\u00f3n y ejemplos de funcionamiento ponte en contacto con nosotros <\/p>\n\n\n\n<div class=\"wp-block-group is-content-justification-center is-nowrap is-layout-flex wp-container-core-group-is-layout-94bc23d7 wp-block-group-is-layout-flex\">\n<p class=\"has-text-align-center\"><strong><img decoding=\"async\" draggable=\"false\" role=\"img\" class=\"emoji\" alt=\"tel\" src=\"https:\/\/s.w.org\/images\/core\/emoji\/16.0.1\/svg\/1f4de.svg\"> 930.133.503<\/strong><\/p>\n\n\n\n<p><\/p>\n\n\n\n<p class=\"has-text-align-center\"><img decoding=\"async\" draggable=\"false\" role=\"img\" class=\"emoji\" alt=\"email\" src=\"https:\/\/s.w.org\/images\/core\/emoji\/16.0.1\/svg\/1f4e7.svg\"> <a href=\"mailto:info@dumainteractiva.com\"><strong>info@dumainteractiva.com<\/strong><\/a><\/p>\n<\/div>\n\n\n\n<div style=\"height:25px\" aria-hidden=\"true\" class=\"wp-block-spacer\"><\/div>\n\n\n\n<div class=\"wp-block-buttons is-content-justification-center is-layout-flex wp-container-core-buttons-is-layout-16018d1d wp-block-buttons-is-layout-flex\">\n<div class=\"wp-block-button\"><a class=\"wp-block-button__link has-vivid-cyan-blue-background-color has-background has-text-align-center wp-element-button\" href=\"https:\/\/www.edugestion.es\/web\/contacta\/\">Quiero informaci\u00f3n!<\/a><\/div>\n<\/div>\n\n\n\n<div style=\"height:25px\" aria-hidden=\"true\" class=\"wp-block-spacer\"><\/div>\n<\/div><\/div>\n","protected":false},"excerpt":{"rendered":"<p class=\"qua-blog-post-description\">Creamos la App a medida de vuestro centro o AFA para mejorar la comunicaci\u00f3n con las&nbsp;familias&nbsp;y alumnos La App dispone de las siguientes funcionalidades: Si quieres m\u00e1s informaci\u00f3n o ejemplos de funcionamiento ponte en contacto con nosotros.<\/p>\n","protected":false},"author":1,"featured_media":0,"parent":0,"menu_order":0,"comment_status":"closed","ping_status":"closed","template":"","meta":{"footnotes":""},"class_list":["post-46","page","type-page","status-publish","hentry"],"yoast_head":"<!-- This site is optimized with the Yoast SEO plugin v27.2 - https:\/\/yoast.com\/product\/yoast-seo-wordpress\/ -->\n<title>App a medida para colegios e institutos - Edugesti\u00f3n<\/title>\n<meta name=\"robots\" content=\"index, follow, max-snippet:-1, max-image-preview:large, max-video-preview:-1\" \/>\n<link rel=\"canonical\" href=\"https:\/\/www.edugestion.es\/web\/app-a-medida-para-escuelas\/\" \/>\n<meta property=\"og:locale\" content=\"es_ES\" \/>\n<meta property=\"og:type\" content=\"article\" \/>\n<meta property=\"og:title\" content=\"App a medida para colegios e institutos - Edugesti\u00f3n\" \/>\n<meta property=\"og:description\" content=\"Creamos la App a medida de vuestro centro o AFA para mejorar la comunicaci\u00f3n con las&nbsp;familias&nbsp;y alumnos La App dispone de las siguientes funcionalidades: Si quieres m\u00e1s informaci\u00f3n o ejemplos de funcionamiento ponte en contacto con nosotros.\" \/>\n<meta property=\"og:url\" content=\"https:\/\/www.edugestion.es\/web\/app-a-medida-para-escuelas\/\" \/>\n<meta property=\"og:site_name\" content=\"Edugesti\u00f3n\" \/>\n<meta property=\"article:modified_time\" content=\"2025-12-03T14:25:23+00:00\" \/>\n<meta property=\"og:image\" content=\"https:\/\/www.edugestion.es\/web\/wp-content\/uploads\/2020\/04\/Disseny_App_OK-565x1024-1.jpg\" \/>\n\t<meta property=\"og:image:width\" content=\"565\" \/>\n\t<meta property=\"og:image:height\" content=\"1024\" \/>\n\t<meta property=\"og:image:type\" content=\"image\/jpeg\" \/>\n<meta name=\"twitter:card\" content=\"summary_large_image\" \/>\n<meta name=\"twitter:label1\" content=\"Tiempo de lectura\" \/>\n\t<meta name=\"twitter:data1\" content=\"3 minutos\" \/>\n<script type=\"application\/ld+json\" class=\"yoast-schema-graph\">{\"@context\":\"https:\/\/schema.org\",\"@graph\":[{\"@type\":\"WebPage\",\"@id\":\"https:\/\/www.edugestion.es\/web\/app-a-medida-para-escuelas\/\",\"url\":\"https:\/\/www.edugestion.es\/web\/app-a-medida-para-escuelas\/\",\"name\":\"App a medida para colegios e institutos - Edugesti\u00f3n\",\"isPartOf\":{\"@id\":\"https:\/\/www.edugestion.es\/web\/#website\"},\"primaryImageOfPage\":{\"@id\":\"https:\/\/www.edugestion.es\/web\/app-a-medida-para-escuelas\/#primaryimage\"},\"image\":{\"@id\":\"https:\/\/www.edugestion.es\/web\/app-a-medida-para-escuelas\/#primaryimage\"},\"thumbnailUrl\":\"https:\/\/www.edugestion.es\/web\/wp-content\/uploads\/2020\/04\/Disseny_App_OK-565x1024-1.jpg\",\"datePublished\":\"2017-03-15T11:54:55+00:00\",\"dateModified\":\"2025-12-03T14:25:23+00:00\",\"breadcrumb\":{\"@id\":\"https:\/\/www.edugestion.es\/web\/app-a-medida-para-escuelas\/#breadcrumb\"},\"inLanguage\":\"es\",\"potentialAction\":[{\"@type\":\"ReadAction\",\"target\":[\"https:\/\/www.edugestion.es\/web\/app-a-medida-para-escuelas\/\"]}]},{\"@type\":\"ImageObject\",\"inLanguage\":\"es\",\"@id\":\"https:\/\/www.edugestion.es\/web\/app-a-medida-para-escuelas\/#primaryimage\",\"url\":\"https:\/\/www.edugestion.es\/web\/wp-content\/uploads\/2020\/04\/Disseny_App_OK-565x1024-1.jpg\",\"contentUrl\":\"https:\/\/www.edugestion.es\/web\/wp-content\/uploads\/2020\/04\/Disseny_App_OK-565x1024-1.jpg\",\"width\":565,\"height\":1024},{\"@type\":\"BreadcrumbList\",\"@id\":\"https:\/\/www.edugestion.es\/web\/app-a-medida-para-escuelas\/#breadcrumb\",\"itemListElement\":[{\"@type\":\"ListItem\",\"position\":1,\"name\":\"Portada\",\"item\":\"https:\/\/www.edugestion.es\/web\/\"},{\"@type\":\"ListItem\",\"position\":2,\"name\":\"App a medida para colegios e institutos\"}]},{\"@type\":\"WebSite\",\"@id\":\"https:\/\/www.edugestion.es\/web\/#website\",\"url\":\"https:\/\/www.edugestion.es\/web\/\",\"name\":\"Edugesti\u00f3n\",\"description\":\"Servicios complementarios a vuestro programa de gesti\u00f3n\",\"potentialAction\":[{\"@type\":\"SearchAction\",\"target\":{\"@type\":\"EntryPoint\",\"urlTemplate\":\"https:\/\/www.edugestion.es\/web\/?s={search_term_string}\"},\"query-input\":{\"@type\":\"PropertyValueSpecification\",\"valueRequired\":true,\"valueName\":\"search_term_string\"}}],\"inLanguage\":\"es\"}]}<\/script>\n<!-- \/ Yoast SEO plugin. -->","yoast_head_json":{"title":"App a medida para colegios e institutos - Edugesti\u00f3n","robots":{"index":"index","follow":"follow","max-snippet":"max-snippet:-1","max-image-preview":"max-image-preview:large","max-video-preview":"max-video-preview:-1"},"canonical":"https:\/\/www.edugestion.es\/web\/app-a-medida-para-escuelas\/","og_locale":"es_ES","og_type":"article","og_title":"App a medida para colegios e institutos - Edugesti\u00f3n","og_description":"Creamos la App a medida de vuestro centro o AFA para mejorar la comunicaci\u00f3n con las&nbsp;familias&nbsp;y alumnos La App dispone de las siguientes funcionalidades: Si quieres m\u00e1s informaci\u00f3n o ejemplos de funcionamiento ponte en contacto con nosotros.","og_url":"https:\/\/www.edugestion.es\/web\/app-a-medida-para-escuelas\/","og_site_name":"Edugesti\u00f3n","article_modified_time":"2025-12-03T14:25:23+00:00","og_image":[{"width":565,"height":1024,"url":"https:\/\/www.edugestion.es\/web\/wp-content\/uploads\/2020\/04\/Disseny_App_OK-565x1024-1.jpg","type":"image\/jpeg"}],"twitter_card":"summary_large_image","twitter_misc":{"Tiempo de lectura":"3 minutos"},"schema":{"@context":"https:\/\/schema.org","@graph":[{"@type":"WebPage","@id":"https:\/\/www.edugestion.es\/web\/app-a-medida-para-escuelas\/","url":"https:\/\/www.edugestion.es\/web\/app-a-medida-para-escuelas\/","name":"App a medida para colegios e institutos - Edugesti\u00f3n","isPartOf":{"@id":"https:\/\/www.edugestion.es\/web\/#website"},"primaryImageOfPage":{"@id":"https:\/\/www.edugestion.es\/web\/app-a-medida-para-escuelas\/#primaryimage"},"image":{"@id":"https:\/\/www.edugestion.es\/web\/app-a-medida-para-escuelas\/#primaryimage"},"thumbnailUrl":"https:\/\/www.edugestion.es\/web\/wp-content\/uploads\/2020\/04\/Disseny_App_OK-565x1024-1.jpg","datePublished":"2017-03-15T11:54:55+00:00","dateModified":"2025-12-03T14:25:23+00:00","breadcrumb":{"@id":"https:\/\/www.edugestion.es\/web\/app-a-medida-para-escuelas\/#breadcrumb"},"inLanguage":"es","potentialAction":[{"@type":"ReadAction","target":["https:\/\/www.edugestion.es\/web\/app-a-medida-para-escuelas\/"]}]},{"@type":"ImageObject","inLanguage":"es","@id":"https:\/\/www.edugestion.es\/web\/app-a-medida-para-escuelas\/#primaryimage","url":"https:\/\/www.edugestion.es\/web\/wp-content\/uploads\/2020\/04\/Disseny_App_OK-565x1024-1.jpg","contentUrl":"https:\/\/www.edugestion.es\/web\/wp-content\/uploads\/2020\/04\/Disseny_App_OK-565x1024-1.jpg","width":565,"height":1024},{"@type":"BreadcrumbList","@id":"https:\/\/www.edugestion.es\/web\/app-a-medida-para-escuelas\/#breadcrumb","itemListElement":[{"@type":"ListItem","position":1,"name":"Portada","item":"https:\/\/www.edugestion.es\/web\/"},{"@type":"ListItem","position":2,"name":"App a medida para colegios e institutos"}]},{"@type":"WebSite","@id":"https:\/\/www.edugestion.es\/web\/#website","url":"https:\/\/www.edugestion.es\/web\/","name":"Edugesti\u00f3n","description":"Servicios complementarios a vuestro programa de gesti\u00f3n","potentialAction":[{"@type":"SearchAction","target":{"@type":"EntryPoint","urlTemplate":"https:\/\/www.edugestion.es\/web\/?s={search_term_string}"},"query-input":{"@type":"PropertyValueSpecification","valueRequired":true,"valueName":"search_term_string"}}],"inLanguage":"es"}]}},"_links":{"self":[{"href":"https:\/\/www.edugestion.es\/web\/wp-json\/wp\/v2\/pages\/46","targetHints":{"allow":["GET"]}}],"collection":[{"href":"https:\/\/www.edugestion.es\/web\/wp-json\/wp\/v2\/pages"}],"about":[{"href":"https:\/\/www.edugestion.es\/web\/wp-json\/wp\/v2\/types\/page"}],"author":[{"embeddable":true,"href":"https:\/\/www.edugestion.es\/web\/wp-json\/wp\/v2\/users\/1"}],"replies":[{"embeddable":true,"href":"https:\/\/www.edugestion.es\/web\/wp-json\/wp\/v2\/comments?post=46"}],"version-history":[{"count":58,"href":"https:\/\/www.edugestion.es\/web\/wp-json\/wp\/v2\/pages\/46\/revisions"}],"predecessor-version":[{"id":839,"href":"https:\/\/www.edugestion.es\/web\/wp-json\/wp\/v2\/pages\/46\/revisions\/839"}],"wp:attachment":[{"href":"https:\/\/www.edugestion.es\/web\/wp-json\/wp\/v2\/media?parent=46"}],"curies":[{"name":"wp","href":"https:\/\/api.w.org\/{rel}","templated":true}]}}