{"id":512,"date":"2022-11-10T10:01:19","date_gmt":"2022-11-10T10:01:19","guid":{"rendered":"https:\/\/www.edugestion.es\/web\/?page_id=512"},"modified":"2024-03-27T09:32:05","modified_gmt":"2024-03-27T09:32:05","slug":"app-ampas","status":"publish","type":"page","link":"https:\/\/www.edugestion.es\/web\/app-ampas\/","title":{"rendered":"App AMPAs"},"content":{"rendered":"\n<div style=\"height:20px\" aria-hidden=\"true\" class=\"wp-block-spacer\"><\/div>\n\n\n\n<h2 class=\"wp-block-heading has-text-align-center\"><b>La mejor App en gesti\u00f3n y comunicaci\u00f3n para AMPAS<\/b><\/h2>\n\n\n\n<div style=\"height:20px\" aria-hidden=\"true\" class=\"wp-block-spacer\"><\/div>\n\n\n\n<ul class=\"wp-block-list\">\n<li>Desde solo 360,00 \u20ac anuales.<\/li>\n\n\n\n<li>Es la m\u00e1s avanzada tecnol\u00f3gicamente, \u00a1lleva m\u00e1s de 10 a\u00f1os en el mercado!<\/li>\n\n\n\n<li>La m\u00e1s sencilla para las familias, simple y efectiva.<\/li>\n\n\n\n<li>Con una completa tienda virtual enlazada con la cuenta corriente de la AFA.<\/li>\n\n\n\n<li>Con asistencia t\u00e9cnica para incidencias y dudas de uso. <\/li>\n<\/ul>\n\n\n\n<div style=\"height:50px\" aria-hidden=\"true\" class=\"wp-block-spacer\"><\/div>\n\n\n\n<div class=\"wp-block-columns is-layout-flex wp-container-core-columns-is-layout-9d6595d7 wp-block-columns-is-layout-flex\">\n<div class=\"wp-block-column is-layout-flow wp-block-column-is-layout-flow\" style=\"flex-basis:150px\"><\/div>\n\n\n\n<div class=\"wp-block-column is-layout-flow wp-block-column-is-layout-flow\">\n<p class=\"has-text-align-center has-white-color has-vivid-cyan-blue-background-color has-text-color has-background\"><strong>M\u00e1s de 400 centros educativos ya conf\u00edan en nuestros servicios<\/strong><\/p>\n<\/div>\n\n\n\n<div class=\"wp-block-column is-layout-flow wp-block-column-is-layout-flow\" style=\"flex-basis:150px\"><\/div>\n<\/div>\n\n\n\n<div style=\"height:50px\" aria-hidden=\"true\" class=\"wp-block-spacer\"><\/div>\n\n\n\n<h2 class=\"wp-block-heading\">La App dispone de las siguientes funcionalidades:<\/h2>\n\n\n<figure class=\"wp-block-table\">\n<table>\n<tbody>\n<tr>\n<td width=\"200\"><strong>\u00b7 Comunicados<\/strong><\/td>\n<td>\n<p id=\"tw-target-text\" class=\"tw-data-text tw-text-large tw-ta\" dir=\"ltr\" data-placeholder=\"Traducci\u00f3n\"><span class=\"Y2IQFc\" lang=\"es\">Mensajes gratuitos a familias, individuales o por grupos, con archivos adjuntos, confirmaci\u00f3n de lectura y posibilidad de respuesta.<\/span><\/p>\n<\/td>\n<\/tr>\n<tr>\n<td><strong>\u00b7 Tienda online<\/strong><\/td>\n<td>\n<div class=\"QmZWSe\">\n<div class=\"DHcWmd\">&nbsp;<\/div>\n<\/div>\n<div class=\"oSioSc\">\n<div id=\"tw-target\">\n<div id=\"kAz1tf\" class=\"g9WsWb\">\n<div id=\"tw-target-text-container\" class=\"tw-ta-container F0azHf tw-nfl\" tabindex=\"0\">\n<p id=\"tw-target-text\" class=\"tw-data-text tw-text-large tw-ta\" dir=\"ltr\" data-placeholder=\"Traducci\u00f3n\"><span class=\"Y2IQFc\" lang=\"es\">Completa tienda virtual para vender todos los productos de la AFA, cuota anual, ch\u00e1ndales, camisetas, material escolar, libros de texto, etc., con TPV y enlazada a su cuenta bancaria.<\/span><\/p>\n<\/div>\n<\/div>\n<\/div>\n<\/div>\n<\/td>\n<\/tr>\n<tr>\n<td><strong>\u00b7 Autoritzaciones digitales<\/strong><\/td>\n<td>\n<div class=\"oSioSc\">\n<div id=\"tw-target\">\n<div id=\"kAz1tf\" class=\"g9WsWb\">\n<div id=\"tw-target-text-container\" class=\"tw-ta-container F0azHf tw-nfl\" tabindex=\"0\">\n<p id=\"tw-target-text\" class=\"tw-data-text tw-text-large tw-ta\" dir=\"ltr\" data-placeholder=\"Traducci\u00f3n\"><span class=\"Y2IQFc\" lang=\"es\">Salidas, justificaci\u00f3n faltas, derechos de imagen, recogidas,&#8230; \u00a1se pueden firmar con el dedo desde la App, sin generar un solo papel!<\/span><\/p>\n<\/div>\n<\/div>\n<\/div>\n<\/div>\n<\/td>\n<\/tr>\n<tr>\n<td><strong>\u00b7 Gesti\u00f3n comedor <br \/><\/strong><\/td>\n<td>\n<p id=\"tw-target-text\" class=\"tw-data-text tw-text-large tw-ta\" dir=\"ltr\" data-placeholder=\"Traducci\u00f3n\"><span class=\"Y2IQFc\" lang=\"es\">Completa gesti\u00f3n de comedor, con compra y bolsa de tickets, asignaci\u00f3n y anulaci\u00f3n en el calendario, listado hist\u00f3rico.<\/span><\/p>\n<\/td>\n<\/tr>\n<tr>\n<td><strong>\u00b7 Otras<br \/><\/strong><\/td>\n<td>\n<p id=\"tw-target-text\" class=\"tw-data-text tw-text-large tw-ta\" dir=\"ltr\" data-placeholder=\"Traducci\u00f3n\"><span class=\"Y2IQFc\" lang=\"es\">Agenda escolar, listado de documentos, informaci\u00f3n del centro, alumnos vinculados, formulario de contacto, encuestas.<\/span><\/p>\n<\/td>\n<\/tr>\n<\/tbody>\n<\/table>\n<\/figure>\n\n\n<div style=\"height:50px\" aria-hidden=\"true\" class=\"wp-block-spacer\"><\/div>\n\n\n\n<p class=\"has-text-align-center\">Si desea una demo del sistema o pedir m\u00e1s informaci\u00f3n contacte con nosotros:<\/p>\n\n\n\n<h3 class=\"wp-block-heading has-text-align-center\"><a href=\"https:\/\/www.edugestion.es\/web\/?page_id=44\"><strong><u>Contacto ComunicApp Edu<\/u><\/strong><\/a><\/h3>\n\n\n\n<div class=\"wp-block-columns is-layout-flex wp-container-core-columns-is-layout-9d6595d7 wp-block-columns-is-layout-flex\">\n<div class=\"wp-block-column has-white-color has-vivid-cyan-blue-background-color has-text-color has-background is-layout-flow wp-block-column-is-layout-flow\">\n<div style=\"height:50px\" aria-hidden=\"true\" class=\"wp-block-spacer\"><\/div>\n\n\n\n<h3 class=\"wp-block-heading has-text-align-center has-white-color has-text-color\">&gt;&gt; Desarrollamos&nbsp;<strong>Apps a medida<\/strong><\/h3>\n\n\n\n<h6 class=\"wp-block-heading has-text-align-center has-white-color has-text-color\"><strong>Dise\u00f1o a medida de la App, con vuestro logo, colores y dise\u00f1o de botones personalizados.<\/strong><\/h6>\n\n\n<div class=\"wp-block-image\">\n<figure class=\"aligncenter size-full\"><img loading=\"lazy\" decoding=\"async\" width=\"149\" height=\"300\" src=\"https:\/\/www.edugestion.es\/web\/wp-content\/uploads\/2024\/03\/WhatsApp-Image-2022-11-11-at-11.35.53-e1668163031240-149x300-1.jpeg\" alt=\"\" class=\"wp-image-638\"\/><\/figure>\n<\/div>\n\n\n<div style=\"height:50px\" aria-hidden=\"true\" class=\"wp-block-spacer\"><\/div>\n\n\n\n<div class=\"wp-block-buttons is-layout-flex wp-block-buttons-is-layout-flex\">\n<div class=\"wp-block-button aligncenter\"><a class=\"wp-block-button__link has-vivid-cyan-blue-color has-white-background-color has-text-color has-background wp-element-button\" href=\"https:\/\/www.edugestion.es\/web\/?page_id=46\">Ver m\u00e1s informaci\u00f3n<\/a><\/div>\n<\/div>\n\n\n\n<div style=\"height:50px\" aria-hidden=\"true\" class=\"wp-block-spacer\"><\/div>\n<\/div>\n\n\n\n<div class=\"wp-block-column has-white-color has-vivid-cyan-blue-background-color has-text-color has-background is-layout-flow wp-block-column-is-layout-flow\">\n<div style=\"height:50px\" aria-hidden=\"true\" class=\"wp-block-spacer\"><\/div>\n\n\n\n<h3 class=\"wp-block-heading has-text-align-center has-white-color has-text-color\">&gt;&gt;&nbsp;<strong>ComunicApp Edu<\/strong><\/h3>\n\n\n\n<h6 class=\"wp-block-heading has-text-align-center has-white-color has-text-color\">La App est\u00e1ndar con el sistema m\u00e1s avanzado de comunicaci\u00f3n y gesti\u00f3n escolar.<\/h6>\n\n\n<div class=\"wp-block-image\">\n<figure class=\"aligncenter size-full\"><img loading=\"lazy\" decoding=\"async\" width=\"174\" height=\"300\" src=\"https:\/\/www.edugestion.es\/web\/wp-content\/uploads\/2024\/03\/disseny_2022_cat_OK-174x300-1.jpg\" alt=\"\" class=\"wp-image-639\"\/><\/figure>\n<\/div>\n\n\n<div style=\"height:50px\" aria-hidden=\"true\" class=\"wp-block-spacer\"><\/div>\n\n\n\n<div class=\"wp-block-buttons is-layout-flex wp-block-buttons-is-layout-flex\">\n<div class=\"wp-block-button aligncenter\"><a class=\"wp-block-button__link has-vivid-cyan-blue-color has-white-background-color has-text-color has-background wp-element-button\" href=\"https:\/\/www.edugestion.es\/web\/?page_id=37\">Ver m\u00e1s informaci\u00f3n<\/a><\/div>\n<\/div>\n\n\n\n<div style=\"height:50px\" aria-hidden=\"true\" class=\"wp-block-spacer\"><\/div>\n<\/div>\n<\/div>\n\n\n\n<p><\/p>\n\n\n\n<p class=\"has-text-align-center\">Para m\u00e1s informaci\u00f3n p\u00f3ngase en contacto con nosotros.<\/p>\n\n\n\n<p class=\"has-text-align-center\"><strong>Tel. 930.133.503<\/strong><\/p>\n\n\n\n<p class=\"has-text-align-center\"><a href=\"mailto:info@dumainteractiva.com\"><strong>info@dumainteractiva.com<\/strong><\/a><\/p>\n","protected":false},"excerpt":{"rendered":"<p class=\"qua-blog-post-description\">La mejor App en gesti\u00f3n y comunicaci\u00f3n para AMPAS M\u00e1s de 400 centros educativos ya conf\u00edan en nuestros servicios La App dispone de las siguientes funcionalidades: \u00b7 Comunicados Mensajes gratuitos a familias, individuales o por grupos, con archivos adjuntos, confirmaci\u00f3n de lectura y posibilidad de respuesta. \u00b7 Tienda online &nbsp; Completa tienda virtual para vender [&hellip;]<\/p>\n","protected":false},"author":1,"featured_media":0,"parent":0,"menu_order":0,"comment_status":"closed","ping_status":"closed","template":"","meta":{"footnotes":""},"class_list":["post-512","page","type-page","status-publish","hentry"],"yoast_head":"<!-- This site is optimized with the Yoast SEO plugin v27.2 - https:\/\/yoast.com\/product\/yoast-seo-wordpress\/ -->\n<title>App AMPAs - Edugesti\u00f3n<\/title>\n<meta name=\"robots\" content=\"index, follow, max-snippet:-1, max-image-preview:large, max-video-preview:-1\" \/>\n<link rel=\"canonical\" href=\"https:\/\/www.edugestion.es\/web\/app-ampas\/\" \/>\n<meta property=\"og:locale\" content=\"es_ES\" \/>\n<meta property=\"og:type\" content=\"article\" \/>\n<meta property=\"og:title\" content=\"App AMPAs - Edugesti\u00f3n\" \/>\n<meta property=\"og:description\" content=\"La mejor App en gesti\u00f3n y comunicaci\u00f3n para AMPAS M\u00e1s de 400 centros educativos ya conf\u00edan en nuestros servicios La App dispone de las siguientes funcionalidades: \u00b7 Comunicados Mensajes gratuitos a familias, individuales o por grupos, con archivos adjuntos, confirmaci\u00f3n de lectura y posibilidad de respuesta. \u00b7 Tienda online &nbsp; Completa tienda virtual para vender [&hellip;]\" \/>\n<meta property=\"og:url\" content=\"https:\/\/www.edugestion.es\/web\/app-ampas\/\" \/>\n<meta property=\"og:site_name\" content=\"Edugesti\u00f3n\" \/>\n<meta property=\"article:modified_time\" content=\"2024-03-27T09:32:05+00:00\" \/>\n<meta property=\"og:image\" content=\"https:\/\/www.edugestion.es\/web\/wp-content\/uploads\/2024\/03\/WhatsApp-Image-2022-11-11-at-11.35.53-e1668163031240-149x300-1.jpeg\" \/>\n<meta name=\"twitter:card\" content=\"summary_large_image\" \/>\n<meta name=\"twitter:label1\" content=\"Tiempo de lectura\" \/>\n\t<meta name=\"twitter:data1\" content=\"2 minutos\" \/>\n<script type=\"application\/ld+json\" class=\"yoast-schema-graph\">{\"@context\":\"https:\/\/schema.org\",\"@graph\":[{\"@type\":\"WebPage\",\"@id\":\"https:\/\/www.edugestion.es\/web\/app-ampas\/\",\"url\":\"https:\/\/www.edugestion.es\/web\/app-ampas\/\",\"name\":\"App AMPAs - Edugesti\u00f3n\",\"isPartOf\":{\"@id\":\"https:\/\/www.edugestion.es\/web\/#website\"},\"primaryImageOfPage\":{\"@id\":\"https:\/\/www.edugestion.es\/web\/app-ampas\/#primaryimage\"},\"image\":{\"@id\":\"https:\/\/www.edugestion.es\/web\/app-ampas\/#primaryimage\"},\"thumbnailUrl\":\"https:\/\/www.edugestion.es\/web\/wp-content\/uploads\/2024\/03\/WhatsApp-Image-2022-11-11-at-11.35.53-e1668163031240-149x300-1.jpeg\",\"datePublished\":\"2022-11-10T10:01:19+00:00\",\"dateModified\":\"2024-03-27T09:32:05+00:00\",\"breadcrumb\":{\"@id\":\"https:\/\/www.edugestion.es\/web\/app-ampas\/#breadcrumb\"},\"inLanguage\":\"es\",\"potentialAction\":[{\"@type\":\"ReadAction\",\"target\":[\"https:\/\/www.edugestion.es\/web\/app-ampas\/\"]}]},{\"@type\":\"ImageObject\",\"inLanguage\":\"es\",\"@id\":\"https:\/\/www.edugestion.es\/web\/app-ampas\/#primaryimage\",\"url\":\"https:\/\/www.edugestion.es\/web\/wp-content\/uploads\/2024\/03\/WhatsApp-Image-2022-11-11-at-11.35.53-e1668163031240-149x300-1.jpeg\",\"contentUrl\":\"https:\/\/www.edugestion.es\/web\/wp-content\/uploads\/2024\/03\/WhatsApp-Image-2022-11-11-at-11.35.53-e1668163031240-149x300-1.jpeg\",\"width\":149,\"height\":300},{\"@type\":\"BreadcrumbList\",\"@id\":\"https:\/\/www.edugestion.es\/web\/app-ampas\/#breadcrumb\",\"itemListElement\":[{\"@type\":\"ListItem\",\"position\":1,\"name\":\"Portada\",\"item\":\"https:\/\/www.edugestion.es\/web\/\"},{\"@type\":\"ListItem\",\"position\":2,\"name\":\"App AMPAs\"}]},{\"@type\":\"WebSite\",\"@id\":\"https:\/\/www.edugestion.es\/web\/#website\",\"url\":\"https:\/\/www.edugestion.es\/web\/\",\"name\":\"Edugesti\u00f3n\",\"description\":\"Servicios complementarios a vuestro programa de gesti\u00f3n\",\"potentialAction\":[{\"@type\":\"SearchAction\",\"target\":{\"@type\":\"EntryPoint\",\"urlTemplate\":\"https:\/\/www.edugestion.es\/web\/?s={search_term_string}\"},\"query-input\":{\"@type\":\"PropertyValueSpecification\",\"valueRequired\":true,\"valueName\":\"search_term_string\"}}],\"inLanguage\":\"es\"}]}<\/script>\n<!-- \/ Yoast SEO plugin. -->","yoast_head_json":{"title":"App AMPAs - Edugesti\u00f3n","robots":{"index":"index","follow":"follow","max-snippet":"max-snippet:-1","max-image-preview":"max-image-preview:large","max-video-preview":"max-video-preview:-1"},"canonical":"https:\/\/www.edugestion.es\/web\/app-ampas\/","og_locale":"es_ES","og_type":"article","og_title":"App AMPAs - Edugesti\u00f3n","og_description":"La mejor App en gesti\u00f3n y comunicaci\u00f3n para AMPAS M\u00e1s de 400 centros educativos ya conf\u00edan en nuestros servicios La App dispone de las siguientes funcionalidades: \u00b7 Comunicados Mensajes gratuitos a familias, individuales o por grupos, con archivos adjuntos, confirmaci\u00f3n de lectura y posibilidad de respuesta. \u00b7 Tienda online &nbsp; Completa tienda virtual para vender [&hellip;]","og_url":"https:\/\/www.edugestion.es\/web\/app-ampas\/","og_site_name":"Edugesti\u00f3n","article_modified_time":"2024-03-27T09:32:05+00:00","og_image":[{"url":"https:\/\/www.edugestion.es\/web\/wp-content\/uploads\/2024\/03\/WhatsApp-Image-2022-11-11-at-11.35.53-e1668163031240-149x300-1.jpeg","type":"","width":"","height":""}],"twitter_card":"summary_large_image","twitter_misc":{"Tiempo de lectura":"2 minutos"},"schema":{"@context":"https:\/\/schema.org","@graph":[{"@type":"WebPage","@id":"https:\/\/www.edugestion.es\/web\/app-ampas\/","url":"https:\/\/www.edugestion.es\/web\/app-ampas\/","name":"App AMPAs - Edugesti\u00f3n","isPartOf":{"@id":"https:\/\/www.edugestion.es\/web\/#website"},"primaryImageOfPage":{"@id":"https:\/\/www.edugestion.es\/web\/app-ampas\/#primaryimage"},"image":{"@id":"https:\/\/www.edugestion.es\/web\/app-ampas\/#primaryimage"},"thumbnailUrl":"https:\/\/www.edugestion.es\/web\/wp-content\/uploads\/2024\/03\/WhatsApp-Image-2022-11-11-at-11.35.53-e1668163031240-149x300-1.jpeg","datePublished":"2022-11-10T10:01:19+00:00","dateModified":"2024-03-27T09:32:05+00:00","breadcrumb":{"@id":"https:\/\/www.edugestion.es\/web\/app-ampas\/#breadcrumb"},"inLanguage":"es","potentialAction":[{"@type":"ReadAction","target":["https:\/\/www.edugestion.es\/web\/app-ampas\/"]}]},{"@type":"ImageObject","inLanguage":"es","@id":"https:\/\/www.edugestion.es\/web\/app-ampas\/#primaryimage","url":"https:\/\/www.edugestion.es\/web\/wp-content\/uploads\/2024\/03\/WhatsApp-Image-2022-11-11-at-11.35.53-e1668163031240-149x300-1.jpeg","contentUrl":"https:\/\/www.edugestion.es\/web\/wp-content\/uploads\/2024\/03\/WhatsApp-Image-2022-11-11-at-11.35.53-e1668163031240-149x300-1.jpeg","width":149,"height":300},{"@type":"BreadcrumbList","@id":"https:\/\/www.edugestion.es\/web\/app-ampas\/#breadcrumb","itemListElement":[{"@type":"ListItem","position":1,"name":"Portada","item":"https:\/\/www.edugestion.es\/web\/"},{"@type":"ListItem","position":2,"name":"App AMPAs"}]},{"@type":"WebSite","@id":"https:\/\/www.edugestion.es\/web\/#website","url":"https:\/\/www.edugestion.es\/web\/","name":"Edugesti\u00f3n","description":"Servicios complementarios a vuestro programa de gesti\u00f3n","potentialAction":[{"@type":"SearchAction","target":{"@type":"EntryPoint","urlTemplate":"https:\/\/www.edugestion.es\/web\/?s={search_term_string}"},"query-input":{"@type":"PropertyValueSpecification","valueRequired":true,"valueName":"search_term_string"}}],"inLanguage":"es"}]}},"_links":{"self":[{"href":"https:\/\/www.edugestion.es\/web\/wp-json\/wp\/v2\/pages\/512","targetHints":{"allow":["GET"]}}],"collection":[{"href":"https:\/\/www.edugestion.es\/web\/wp-json\/wp\/v2\/pages"}],"about":[{"href":"https:\/\/www.edugestion.es\/web\/wp-json\/wp\/v2\/types\/page"}],"author":[{"embeddable":true,"href":"https:\/\/www.edugestion.es\/web\/wp-json\/wp\/v2\/users\/1"}],"replies":[{"embeddable":true,"href":"https:\/\/www.edugestion.es\/web\/wp-json\/wp\/v2\/comments?post=512"}],"version-history":[{"count":15,"href":"https:\/\/www.edugestion.es\/web\/wp-json\/wp\/v2\/pages\/512\/revisions"}],"predecessor-version":[{"id":640,"href":"https:\/\/www.edugestion.es\/web\/wp-json\/wp\/v2\/pages\/512\/revisions\/640"}],"wp:attachment":[{"href":"https:\/\/www.edugestion.es\/web\/wp-json\/wp\/v2\/media?parent=512"}],"curies":[{"name":"wp","href":"https:\/\/api.w.org\/{rel}","templated":true}]}}