{"id":53,"date":"2017-03-15T11:58:22","date_gmt":"2017-03-15T11:58:22","guid":{"rendered":"http:\/\/edugestion.es\/web\/?page_id=53"},"modified":"2025-12-03T08:23:40","modified_gmt":"2025-12-03T08:23:40","slug":"diseno-web-a-medida","status":"publish","type":"page","link":"https:\/\/www.edugestion.es\/web\/diseno-web-a-medida\/","title":{"rendered":"Dise\u00f1o web a medida"},"content":{"rendered":"\n<p>Desarrollamos la <strong>p\u00e1gina web de tu centro educativo totalmente a medida<\/strong>, con un dise\u00f1o moderno, r\u00e1pido y adaptado a vuestras necesidades. Podr\u00e1s elegir entre nuestro <strong>gestor de contenidos propio<\/strong>, el m\u00e1s sencillo e intuitivo del mercado, o si lo prefieres, <strong>implementamos WordPress<\/strong> con total compatibilidad.<\/p>\n\n\n\n<p>Gestiona la web sin l\u00edmites:<\/p>\n\n\n\n<ul class=\"wp-block-list\">\n<li>Crea secciones y subsecciones ilimitadas<\/li>\n\n\n\n<li>Comparte cualquier contenido de forma r\u00e1pida y organizada en la App y en la Web<\/li>\n\n\n\n<li>Publica el men\u00fa del comedor, la agenda escolar, todo lo que necesites<\/li>\n\n\n\n<li>Sube documentos, fotograf\u00edas y v\u00eddeos<\/li>\n<\/ul>\n\n\n\n<p>Todo integrado en un \u00fanico sistema. Desde <strong>Edugesti\u00f3n <\/strong>podr\u00e1s administrar la web, la App, los alumnos y los usuarios\u2026 todo desde un solo programa, evitando duplicidades y ganando tiempo en tu d\u00eda a d\u00eda.<\/p>\n\n\n\n<div style=\"height:25px\" aria-hidden=\"true\" class=\"wp-block-spacer\"><\/div>\n\n\n\n<figure class=\"wp-block-gallery has-nested-images columns-default is-cropped wp-block-gallery-1 is-layout-flex wp-block-gallery-is-layout-flex\">\n<figure class=\"wp-block-image size-large\"><a href=\"https:\/\/www.edugestion.es\/web\/?attachment_id=160\"><img loading=\"lazy\" decoding=\"async\" width=\"948\" height=\"544\" data-id=\"160\" src=\"https:\/\/www.edugestion.es\/web\/wp-content\/uploads\/2017\/03\/arendf-1.png\" alt=\"\" class=\"wp-image-160\" srcset=\"https:\/\/www.edugestion.es\/web\/wp-content\/uploads\/2017\/03\/arendf-1.png 948w, https:\/\/www.edugestion.es\/web\/wp-content\/uploads\/2017\/03\/arendf-1-300x172.png 300w, https:\/\/www.edugestion.es\/web\/wp-content\/uploads\/2017\/03\/arendf-1-768x441.png 768w\" sizes=\"auto, (max-width: 948px) 100vw, 948px\" \/><\/a><\/figure>\n\n\n\n<figure class=\"wp-block-image size-large\"><a href=\"https:\/\/www.edugestion.es\/web\/?attachment_id=378\"><img loading=\"lazy\" decoding=\"async\" width=\"999\" height=\"504\" data-id=\"378\" src=\"https:\/\/www.edugestion.es\/web\/wp-content\/uploads\/2020\/04\/pantalla_web2.png\" alt=\"\" class=\"wp-image-378\" srcset=\"https:\/\/www.edugestion.es\/web\/wp-content\/uploads\/2020\/04\/pantalla_web2.png 999w, https:\/\/www.edugestion.es\/web\/wp-content\/uploads\/2020\/04\/pantalla_web2-300x151.png 300w, https:\/\/www.edugestion.es\/web\/wp-content\/uploads\/2020\/04\/pantalla_web2-768x387.png 768w\" sizes=\"auto, (max-width: 999px) 100vw, 999px\" \/><\/a><\/figure>\n\n\n\n<figure class=\"wp-block-image size-large\"><a href=\"https:\/\/www.edugestion.es\/web\/?attachment_id=379\"><img loading=\"lazy\" decoding=\"async\" width=\"1000\" height=\"573\" data-id=\"379\" src=\"https:\/\/www.edugestion.es\/web\/wp-content\/uploads\/2020\/04\/Pantalla_web.png\" alt=\"\" class=\"wp-image-379\" srcset=\"https:\/\/www.edugestion.es\/web\/wp-content\/uploads\/2020\/04\/Pantalla_web.png 1000w, https:\/\/www.edugestion.es\/web\/wp-content\/uploads\/2020\/04\/Pantalla_web-300x172.png 300w, https:\/\/www.edugestion.es\/web\/wp-content\/uploads\/2020\/04\/Pantalla_web-768x440.png 768w\" sizes=\"auto, (max-width: 1000px) 100vw, 1000px\" \/><\/a><\/figure>\n<\/figure>\n\n\n\n<div style=\"height:25px\" aria-hidden=\"true\" class=\"wp-block-spacer\"><\/div>\n\n\n\n<p>&gt;&gt; Disponemos de&nbsp;<strong>servidores de alto rendimiento<\/strong>&nbsp;para proyectos con gran volumen de usuarios.<\/p>\n\n\n\n<p>&gt;&gt; Posibilidad de conectar con el&nbsp;<strong><a href=\"https:\/\/www.dumainteractiva.com\/web\/es\/programacion-erp\/\">ERP a medida<\/a><\/strong>&nbsp;de su centro, y <strong>enlazado con la App<\/strong>: intranets a medida, gesti\u00f3n de procesos, gesti\u00f3n de personal, gesti\u00f3n documental.<\/p>\n\n\n\n<div style=\"height:25px\" aria-hidden=\"true\" class=\"wp-block-spacer\"><\/div>\n\n\n\n<div class=\"wp-block-group has-pale-ocean-gradient-background has-background\"><div class=\"wp-block-group__inner-container is-layout-constrained wp-block-group-is-layout-constrained\">\n<div style=\"height:25px\" aria-hidden=\"true\" class=\"wp-block-spacer\"><\/div>\n\n\n\n<h2 class=\"wp-block-heading has-text-align-center\"><strong>Contacta con nosotros<\/strong><\/h2>\n\n\n\n<p class=\"has-text-align-center\" style=\"font-size:16px\">Si quieres m\u00e1s informaci\u00f3n y ejemplos de funcionamiento ponte en contacto con nosotros <\/p>\n\n\n\n<div class=\"wp-block-group is-content-justification-center is-nowrap is-layout-flex wp-container-core-group-is-layout-94bc23d7 wp-block-group-is-layout-flex\">\n<p class=\"has-text-align-center\"><strong><img decoding=\"async\" draggable=\"false\" role=\"img\" class=\"emoji\" alt=\"tel\" src=\"https:\/\/s.w.org\/images\/core\/emoji\/16.0.1\/svg\/1f4de.svg\"> 930.133.503<\/strong><\/p>\n\n\n\n<p><\/p>\n\n\n\n<p class=\"has-text-align-center\"><img decoding=\"async\" draggable=\"false\" role=\"img\" class=\"emoji\" alt=\"email\" src=\"https:\/\/s.w.org\/images\/core\/emoji\/16.0.1\/svg\/1f4e7.svg\"> <a href=\"mailto:info@dumainteractiva.com\"><strong>info@dumainteractiva.com<\/strong><\/a><\/p>\n<\/div>\n\n\n\n<div style=\"height:25px\" aria-hidden=\"true\" class=\"wp-block-spacer\"><\/div>\n\n\n\n<div class=\"wp-block-buttons is-content-justification-center is-layout-flex wp-container-core-buttons-is-layout-16018d1d wp-block-buttons-is-layout-flex\">\n<div class=\"wp-block-button\"><a class=\"wp-block-button__link has-vivid-cyan-blue-background-color has-background has-text-align-center wp-element-button\" href=\"https:\/\/www.edugestion.es\/web\/contacta\/\">Quiero informaci\u00f3n!<\/a><\/div>\n<\/div>\n\n\n\n<div style=\"height:25px\" aria-hidden=\"true\" class=\"wp-block-spacer\"><\/div>\n<\/div><\/div>\n\n\n\n<p class=\"has-text-align-center\"><\/p>\n\n\n\n<p><\/p>\n","protected":false},"excerpt":{"rendered":"<p class=\"qua-blog-post-description\">Desarrollamos la p\u00e1gina web de tu centro educativo totalmente a medida, con un dise\u00f1o moderno, r\u00e1pido y adaptado a vuestras necesidades. Podr\u00e1s elegir entre nuestro gestor de contenidos propio, el m\u00e1s sencillo e intuitivo del mercado, o si lo prefieres, implementamos WordPress con total compatibilidad. Gestiona la web sin l\u00edmites: Todo integrado en un \u00fanico [&hellip;]<\/p>\n","protected":false},"author":1,"featured_media":0,"parent":0,"menu_order":0,"comment_status":"closed","ping_status":"closed","template":"","meta":{"footnotes":""},"class_list":["post-53","page","type-page","status-publish","hentry"],"yoast_head":"<!-- This site is optimized with the Yoast SEO plugin v27.2 - https:\/\/yoast.com\/product\/yoast-seo-wordpress\/ -->\n<title>Dise\u00f1o web a medida - Edugesti\u00f3n<\/title>\n<meta name=\"robots\" content=\"index, follow, max-snippet:-1, max-image-preview:large, max-video-preview:-1\" \/>\n<link rel=\"canonical\" href=\"https:\/\/www.edugestion.es\/web\/diseno-web-a-medida\/\" \/>\n<meta property=\"og:locale\" content=\"es_ES\" \/>\n<meta property=\"og:type\" content=\"article\" \/>\n<meta property=\"og:title\" content=\"Dise\u00f1o web a medida - Edugesti\u00f3n\" \/>\n<meta property=\"og:description\" content=\"Desarrollamos la p\u00e1gina web de tu centro educativo totalmente a medida, con un dise\u00f1o moderno, r\u00e1pido y adaptado a vuestras necesidades. Podr\u00e1s elegir entre nuestro gestor de contenidos propio, el m\u00e1s sencillo e intuitivo del mercado, o si lo prefieres, implementamos WordPress con total compatibilidad. Gestiona la web sin l\u00edmites: Todo integrado en un \u00fanico [&hellip;]\" \/>\n<meta property=\"og:url\" content=\"https:\/\/www.edugestion.es\/web\/diseno-web-a-medida\/\" \/>\n<meta property=\"og:site_name\" content=\"Edugesti\u00f3n\" \/>\n<meta property=\"article:modified_time\" content=\"2025-12-03T08:23:40+00:00\" \/>\n<meta property=\"og:image\" content=\"https:\/\/www.edugestion.es\/web\/wp-content\/uploads\/2017\/03\/arendf-1.png\" \/>\n\t<meta property=\"og:image:width\" content=\"948\" \/>\n\t<meta property=\"og:image:height\" content=\"544\" \/>\n\t<meta property=\"og:image:type\" content=\"image\/png\" \/>\n<meta name=\"twitter:card\" content=\"summary_large_image\" \/>\n<meta name=\"twitter:label1\" content=\"Tiempo de lectura\" \/>\n\t<meta name=\"twitter:data1\" content=\"2 minutos\" \/>\n<script type=\"application\/ld+json\" class=\"yoast-schema-graph\">{\"@context\":\"https:\/\/schema.org\",\"@graph\":[{\"@type\":\"WebPage\",\"@id\":\"https:\/\/www.edugestion.es\/web\/diseno-web-a-medida\/\",\"url\":\"https:\/\/www.edugestion.es\/web\/diseno-web-a-medida\/\",\"name\":\"Dise\u00f1o web a medida - Edugesti\u00f3n\",\"isPartOf\":{\"@id\":\"https:\/\/www.edugestion.es\/web\/#website\"},\"primaryImageOfPage\":{\"@id\":\"https:\/\/www.edugestion.es\/web\/diseno-web-a-medida\/#primaryimage\"},\"image\":{\"@id\":\"https:\/\/www.edugestion.es\/web\/diseno-web-a-medida\/#primaryimage\"},\"thumbnailUrl\":\"https:\/\/www.edugestion.es\/web\/wp-content\/uploads\/2017\/03\/arendf-1.png\",\"datePublished\":\"2017-03-15T11:58:22+00:00\",\"dateModified\":\"2025-12-03T08:23:40+00:00\",\"breadcrumb\":{\"@id\":\"https:\/\/www.edugestion.es\/web\/diseno-web-a-medida\/#breadcrumb\"},\"inLanguage\":\"es\",\"potentialAction\":[{\"@type\":\"ReadAction\",\"target\":[\"https:\/\/www.edugestion.es\/web\/diseno-web-a-medida\/\"]}]},{\"@type\":\"ImageObject\",\"inLanguage\":\"es\",\"@id\":\"https:\/\/www.edugestion.es\/web\/diseno-web-a-medida\/#primaryimage\",\"url\":\"https:\/\/www.edugestion.es\/web\/wp-content\/uploads\/2017\/03\/arendf-1.png\",\"contentUrl\":\"https:\/\/www.edugestion.es\/web\/wp-content\/uploads\/2017\/03\/arendf-1.png\",\"width\":948,\"height\":544},{\"@type\":\"BreadcrumbList\",\"@id\":\"https:\/\/www.edugestion.es\/web\/diseno-web-a-medida\/#breadcrumb\",\"itemListElement\":[{\"@type\":\"ListItem\",\"position\":1,\"name\":\"Portada\",\"item\":\"https:\/\/www.edugestion.es\/web\/\"},{\"@type\":\"ListItem\",\"position\":2,\"name\":\"Dise\u00f1o web a medida\"}]},{\"@type\":\"WebSite\",\"@id\":\"https:\/\/www.edugestion.es\/web\/#website\",\"url\":\"https:\/\/www.edugestion.es\/web\/\",\"name\":\"Edugesti\u00f3n\",\"description\":\"Servicios complementarios a vuestro programa de gesti\u00f3n\",\"potentialAction\":[{\"@type\":\"SearchAction\",\"target\":{\"@type\":\"EntryPoint\",\"urlTemplate\":\"https:\/\/www.edugestion.es\/web\/?s={search_term_string}\"},\"query-input\":{\"@type\":\"PropertyValueSpecification\",\"valueRequired\":true,\"valueName\":\"search_term_string\"}}],\"inLanguage\":\"es\"}]}<\/script>\n<!-- \/ Yoast SEO plugin. -->","yoast_head_json":{"title":"Dise\u00f1o web a medida - Edugesti\u00f3n","robots":{"index":"index","follow":"follow","max-snippet":"max-snippet:-1","max-image-preview":"max-image-preview:large","max-video-preview":"max-video-preview:-1"},"canonical":"https:\/\/www.edugestion.es\/web\/diseno-web-a-medida\/","og_locale":"es_ES","og_type":"article","og_title":"Dise\u00f1o web a medida - Edugesti\u00f3n","og_description":"Desarrollamos la p\u00e1gina web de tu centro educativo totalmente a medida, con un dise\u00f1o moderno, r\u00e1pido y adaptado a vuestras necesidades. Podr\u00e1s elegir entre nuestro gestor de contenidos propio, el m\u00e1s sencillo e intuitivo del mercado, o si lo prefieres, implementamos WordPress con total compatibilidad. Gestiona la web sin l\u00edmites: Todo integrado en un \u00fanico [&hellip;]","og_url":"https:\/\/www.edugestion.es\/web\/diseno-web-a-medida\/","og_site_name":"Edugesti\u00f3n","article_modified_time":"2025-12-03T08:23:40+00:00","og_image":[{"width":948,"height":544,"url":"https:\/\/www.edugestion.es\/web\/wp-content\/uploads\/2017\/03\/arendf-1.png","type":"image\/png"}],"twitter_card":"summary_large_image","twitter_misc":{"Tiempo de lectura":"2 minutos"},"schema":{"@context":"https:\/\/schema.org","@graph":[{"@type":"WebPage","@id":"https:\/\/www.edugestion.es\/web\/diseno-web-a-medida\/","url":"https:\/\/www.edugestion.es\/web\/diseno-web-a-medida\/","name":"Dise\u00f1o web a medida - Edugesti\u00f3n","isPartOf":{"@id":"https:\/\/www.edugestion.es\/web\/#website"},"primaryImageOfPage":{"@id":"https:\/\/www.edugestion.es\/web\/diseno-web-a-medida\/#primaryimage"},"image":{"@id":"https:\/\/www.edugestion.es\/web\/diseno-web-a-medida\/#primaryimage"},"thumbnailUrl":"https:\/\/www.edugestion.es\/web\/wp-content\/uploads\/2017\/03\/arendf-1.png","datePublished":"2017-03-15T11:58:22+00:00","dateModified":"2025-12-03T08:23:40+00:00","breadcrumb":{"@id":"https:\/\/www.edugestion.es\/web\/diseno-web-a-medida\/#breadcrumb"},"inLanguage":"es","potentialAction":[{"@type":"ReadAction","target":["https:\/\/www.edugestion.es\/web\/diseno-web-a-medida\/"]}]},{"@type":"ImageObject","inLanguage":"es","@id":"https:\/\/www.edugestion.es\/web\/diseno-web-a-medida\/#primaryimage","url":"https:\/\/www.edugestion.es\/web\/wp-content\/uploads\/2017\/03\/arendf-1.png","contentUrl":"https:\/\/www.edugestion.es\/web\/wp-content\/uploads\/2017\/03\/arendf-1.png","width":948,"height":544},{"@type":"BreadcrumbList","@id":"https:\/\/www.edugestion.es\/web\/diseno-web-a-medida\/#breadcrumb","itemListElement":[{"@type":"ListItem","position":1,"name":"Portada","item":"https:\/\/www.edugestion.es\/web\/"},{"@type":"ListItem","position":2,"name":"Dise\u00f1o web a medida"}]},{"@type":"WebSite","@id":"https:\/\/www.edugestion.es\/web\/#website","url":"https:\/\/www.edugestion.es\/web\/","name":"Edugesti\u00f3n","description":"Servicios complementarios a vuestro programa de gesti\u00f3n","potentialAction":[{"@type":"SearchAction","target":{"@type":"EntryPoint","urlTemplate":"https:\/\/www.edugestion.es\/web\/?s={search_term_string}"},"query-input":{"@type":"PropertyValueSpecification","valueRequired":true,"valueName":"search_term_string"}}],"inLanguage":"es"}]}},"_links":{"self":[{"href":"https:\/\/www.edugestion.es\/web\/wp-json\/wp\/v2\/pages\/53","targetHints":{"allow":["GET"]}}],"collection":[{"href":"https:\/\/www.edugestion.es\/web\/wp-json\/wp\/v2\/pages"}],"about":[{"href":"https:\/\/www.edugestion.es\/web\/wp-json\/wp\/v2\/types\/page"}],"author":[{"embeddable":true,"href":"https:\/\/www.edugestion.es\/web\/wp-json\/wp\/v2\/users\/1"}],"replies":[{"embeddable":true,"href":"https:\/\/www.edugestion.es\/web\/wp-json\/wp\/v2\/comments?post=53"}],"version-history":[{"count":17,"href":"https:\/\/www.edugestion.es\/web\/wp-json\/wp\/v2\/pages\/53\/revisions"}],"predecessor-version":[{"id":825,"href":"https:\/\/www.edugestion.es\/web\/wp-json\/wp\/v2\/pages\/53\/revisions\/825"}],"wp:attachment":[{"href":"https:\/\/www.edugestion.es\/web\/wp-json\/wp\/v2\/media?parent=53"}],"curies":[{"name":"wp","href":"https:\/\/api.w.org\/{rel}","templated":true}]}}