{"id":684,"date":"2025-04-15T15:01:48","date_gmt":"2025-04-15T15:01:48","guid":{"rendered":"https:\/\/www.edugestion.es\/web\/?page_id=684"},"modified":"2025-04-16T07:30:57","modified_gmt":"2025-04-16T07:30:57","slug":"politica-de-cookies","status":"publish","type":"page","link":"https:\/\/www.edugestion.es\/web\/politica-de-cookies\/","title":{"rendered":"Pol\u00edtica de cookies"},"content":{"rendered":"\n<p>Las Cookies son ficheros de datos creados por el sitio web y almacenados previa aceptaci\u00f3n del usuario en el navegador o en su dispositivo durante el recorrido por las p\u00e1ginas o por la aplicaci\u00f3n, y sirven para almacenar informaci\u00f3n sobre la visita. Como la mayor\u00eda de los lugares en Internet, los portales web tienen que:<\/p>\n\n\n\n<ul class=\"wp-block-list\">\n<li>Asegurar que las p\u00e1ginas Web pueden funcionar correctamente.<\/li>\n\n\n\n<li>Almacenar las preferencias, como el idioma seleccionado o el tama\u00f1o de letra.<\/li>\n\n\n\n<li>Conocer la experiencia de navegaci\u00f3n.<\/li>\n\n\n\n<li>Recopilar informaci\u00f3n estad\u00edstica an\u00f3nima, como las p\u00e1ginas que se han visitado o el tiempo que ha durado la conexi\u00f3n.<\/li>\n<\/ul>\n\n\n\n<p>El uso de Cookies nos permite optimizar la navegaci\u00f3n, adaptando la informaci\u00f3n y los servicios ofrecidos a los intereses del usuario, para proporcionar una mejor experiencia siempre que visite la p\u00e1gina.<\/p>\n\n\n\n<p>Las Cookies se asocian \u00fanicamente a un usuario an\u00f3nimo y su ordenador\/dispositivo y no proporcionan referencias que permitan conocer datos personales. En todo momento, el usuario podr\u00e1 acceder a la configuraci\u00f3n de su navegador para modificar y\/o bloquear la instalaci\u00f3n de las Cookies enviadas por los sitios web de WWW.EDUGESTION.ES. Los usuarios que completen el proceso de registro o hayan iniciado sesi\u00f3n con sus datos de acceso podr\u00e1n acceder a servicios personalizados y adaptados a sus preferencias seg\u00fan la informaci\u00f3n personal suministrada en el momento del registro y la almacenada en la Cookie de su navegador.<\/p>\n\n\n\n<p>Google Analytics almacena cookies para poder elaborar estad\u00edsticas sobre el tr\u00e1fico y volumen de visitas de esta Web. Al utilizar este sitio web est\u00e1 consintiendo el tratamiento de informaci\u00f3n sobre usted por Google. Por lo tanto, el ejercicio de cualquier derecho en este sentido tendr\u00e1 que hacerlo comunicando directamente con Google. Las cookies de Google Analytics, se almacenan en servidores situados en los Estados Unidos y se compromete a no compartirla con terceros, excepto en los casos en los cuales sea necesario para el funcionamiento del sistema o cuando la ley obligue a tal efecto. Seg\u00fan Google, no guarda su direcci\u00f3n IP.<\/p>\n\n\n\n<p>Google Inc. es una compa\u00f1\u00eda adherida a \u201cPrivacy Shield\u201d (escudo de privacidad) que garantiza que todos los datos transferidos ser\u00e1n tratadas con un nivel de protecci\u00f3n acorde a la normativa europea. Puede consultar informaci\u00f3n detallada en lo referente a esto a trav\u00e9s del siguiente enlace: https:\/\/support.google.com\/analytics\/answer\/6004245<\/p>\n\n\n\n<p>Si lo desea puede utilizar el Complemento de inhabilitaci\u00f3n para navegadores de Google Analytics a trav\u00e9s de las instrucciones de los cuales pueden rechazarse las cookies anal\u00edticas de este servicio en todos los navegadores.<\/p>\n\n\n\n<p>Puede consultar m\u00e1s informaci\u00f3n sobre este tema en el siguiente enlace: https:\/\/tools.google.com\/dlpage\/gaoptout<\/p>\n\n\n\n<p><strong>Como configurar las cookies en los principales navegadores<\/strong><\/p>\n\n\n\n<p>El usuario tiene la posibilidad de configurar su navegador para aceptar o rechazar por defecto todas las cookies. Por favor consulte las instrucciones y manuales de su navegador para ampliar esta informaci\u00f3n.<\/p>\n\n\n\n<ul class=\"wp-block-list\">\n<li>Google Chrome<\/li>\n\n\n\n<li><a href=\"https:\/\/support.mozilla.org\/ca\/kb\/activar-i-desactivar-les-galetes\">Mozilla Firefox<\/a><\/li>\n\n\n\n<li><a href=\"https:\/\/support.apple.com\/ca-es\/guide\/safari\/sfri11471\/mac\">Safari<\/a><\/li>\n\n\n\n<li><a href=\"https:\/\/support.microsoft.com\/ca-es\/microsoft-edge\/eliminar-cookies-en-microsoft-edge-63947406-40ac-c3b8-57b9-2a946a29ae09\">Microsoft Edge<\/a><\/li>\n<\/ul>\n\n\n\n<p><strong>Utilidad<\/strong><\/p>\n\n\n\n<p>Desde un punto de vista t\u00e9cnico, permiten que los sitios web funcionen de forma m\u00e1s \u00e1gil y adaptada a las preferencias de los usuarios, como por ejemplo almacenar el idioma, la moneda del pa\u00eds o detectar el dispositivo de acceso.<\/p>\n\n\n\n<p>Establecen niveles de protecci\u00f3n y seguridad que impiden o dificultan ciberataques contra el sitio web o sus usuarios.<\/p>\n\n\n\n<p>Permiten que los gestores de los medios puedan conocer datos estad\u00edsticos recopilados en las Cookies para mejorar la calidad y experiencia de sus servicios.<\/p>\n\n\n\n<p>Sirven para optimizar la publicidad que se muestra a los usuarios, ofreciendo la que m\u00e1s se ajusta a sus intereses.<\/p>\n\n\n\n<p><strong>SEG\u00daN LA ENTIDAD QUE LAS GESTIONE<\/strong><\/p>\n\n\n\n<ul class=\"wp-block-list\">\n<li><strong>Cookies propias<\/strong>: Son aquellas que se recaudan por el propio editor para prestar el servicio solicitado por el usuario.<\/li>\n\n\n\n<li><strong>Cookies de terceros<\/strong>: Son aquellas que son recaudadas y gestionadas por un tercero, estas no se pueden considerar propias.<\/li>\n<\/ul>\n\n\n\n<p><strong>SEG\u00daN EL PLAZO DE TIEMPO QUE PERMANEZCAN ACTIVADAS<\/strong><\/p>\n\n\n\n<ul class=\"wp-block-list\">\n<li><strong>Cookies de sesi\u00f3n<\/strong>: Recaudan datos mientras el usuario navega por la red con el fin de prestar el servicio solicitado.<\/li>\n\n\n\n<li><strong>Cookies persistentes<\/strong>: Se almacenan en el terminal y la informaci\u00f3n obtenida, ser\u00e1 utilizada por el responsable de la cookie con el fin de prestar el servicio solicitado.<\/li>\n<\/ul>\n\n\n\n<p><strong>SEG\u00daN SU FINALIDAD<\/strong><\/p>\n\n\n\n<ul class=\"wp-block-list\">\n<li><strong>Cookies t\u00e9cnicas<\/strong>: Son las necesarias para la correcta navegaci\u00f3n del sitio web.<\/li>\n\n\n\n<li><strong>Cookies de personalizaci\u00f3n<\/strong>: Permiten al usuario las caracter\u00edsticas (idioma) para la navegaci\u00f3n por la website.<\/li>\n\n\n\n<li><strong>Cookies de an\u00e1lisis<\/strong>: Permiten el an\u00e1lisis vinculado a la navegaci\u00f3n realizada por el usuario, con el fin de llevar un seguimiento de uso de la p\u00e1gina web, as\u00ed como realizar estad\u00edsticas de los contenidos m\u00e1s visitados, n\u00famero de visitantes, etc.<\/li>\n\n\n\n<li><strong>Cookies publicitarias<\/strong>: Permiten al editor incluir en la web, espacios publicitarios, seg\u00fan el contenido de la propia web.<\/li>\n\n\n\n<li><strong>Cookies de publicidad comportamental<\/strong>: Permiten al editor incluir en la p\u00e1gina web espacios publicitarios segundos la informaci\u00f3n obtenida a trav\u00e9s de los h\u00e1bitos de navegaci\u00f3n del usuario.<\/li>\n<\/ul>\n\n\n\n<p><strong>Cookies utilizadas a nuestro sitio web<\/strong><\/p>\n\n\n\n<p>Seg\u00fan el que establece el art\u00edculo 22.2 de la Ley 34\/2002, de 11 de julio, de Servicios de la Sociedad de la Informaci\u00f3n y de E-commerce (LSSI-CE), WWW.EDUGESTION.ES informa sobre las cookies utilizadas a nuestro sitio web:<\/p>\n\n\n\n<figure class=\"wp-block-table\"><table class=\"has-fixed-layout\"><tbody><tr><td>cookie-consent<\/td><td>www.edugestion.es<\/td><td>1 a\u00f1o<\/td><td>Propia<\/td><td>Funcional<\/td><td>Esta cookie recuerda si se ha aceptado el mensaje de aviso sobre cookies i las preferencias seleccionadas.<\/td><\/tr><tr><td>_GRECAPTCHA<\/td><td>www.google.com<\/td><td>6 meses<\/td><td>De terceros<\/td><td>Necesario<\/td><td>Utilizado por Google reCAPTCHA para el an\u00e1lisis de riesgos.<\/td><\/tr><tr><td>_grecaptcha<\/td><td>www.google.com<\/td><td>Persistente<\/td><td>De terceros<\/td><td>Necesario<\/td><td>Esta cookie es establecida por Google reCAPTCHA, que protege el sitio contra env\u00edos de formularios de spam.<\/td><\/tr><tr><td>wpEmojiSettingsSupports<\/td><td>www.edugestion.es<\/td><td>Sesi\u00f3n<\/td><td>Propia<\/td><td>Necesario<\/td><td>Esta cookie se utiliza para habilitar el soporte de emojis en p\u00e1ginas que utilizan WordPress.<\/td><\/tr><tr><td>pll_language<\/td><td>www.edugestion.es<\/td><td>1 a\u00f1o<\/td><td>De terceros<\/td><td>Preferencia<\/td><td>Esta cookie se utiliza para recordar el idioma seleccionado por el usuario cuando vuelve a visitar el sitio web, establecida por Polylang.<\/td><\/tr><tr><td>_ga<\/td><td>.google.com<\/td><td>4 d\u00edas<\/td><td>De terceros<\/td><td>Anal\u00edtica<\/td><td>Google Analytics utiliza esta cookie para calcular datos de visitantes, sesiones y campa\u00f1as, y para hacer un seguimiento del uso del sitio web.<\/td><\/tr><tr><td>_gid<\/td><td>.google.com<\/td><td>1 d\u00eda<\/td><td>De terceros<\/td><td>Anal\u00edtica<\/td><td>Google Analytics utiliza esta cookie para almacenar informaci\u00f3n sobre c\u00f3mo los visitantes utilizan el sitio web y para crear informes de an\u00e1lisis.<\/td><\/tr><tr><td>_gat<\/td><td>.google.com<\/td><td>1 minuto<\/td><td>De terceros<\/td><td>Rendimiento<\/td><td>Google Universal Analytics utiliza esta cookie para limitar la velocidad de las solicitudes y controlar la recopilaci\u00f3n de datos en sitios con mucho tr\u00e1fico.<\/td><\/tr><tr><td>VISITOR_INFO1_LIVE<\/td><td>.youtube.com<\/td><td>6 meses<\/td><td>De terceros<\/td><td>Marketing<\/td><td>Esta cookie se utiliza para mantener el sitio web libre de bots y para asegurarse de que los v\u00eddeos embebidos no se vean afectados. Tambi\u00e9n se utiliza para ajustar las recomendaciones y los anuncios.<\/td><\/tr><\/tbody><\/table><\/figure>\n","protected":false},"excerpt":{"rendered":"<p class=\"qua-blog-post-description\">Las Cookies son ficheros de datos creados por el sitio web y almacenados previa aceptaci\u00f3n del usuario en el navegador o en su dispositivo durante el recorrido por las p\u00e1ginas o por la aplicaci\u00f3n, y sirven para almacenar informaci\u00f3n sobre la visita. Como la mayor\u00eda de los lugares en Internet, los portales web tienen que: [&hellip;]<\/p>\n","protected":false},"author":1,"featured_media":0,"parent":0,"menu_order":0,"comment_status":"closed","ping_status":"closed","template":"","meta":{"footnotes":""},"class_list":["post-684","page","type-page","status-publish","hentry"],"yoast_head":"<!-- This site is optimized with the Yoast SEO plugin v27.2 - https:\/\/yoast.com\/product\/yoast-seo-wordpress\/ -->\n<title>Pol\u00edtica de cookies - Edugesti\u00f3n<\/title>\n<meta name=\"robots\" content=\"index, follow, max-snippet:-1, max-image-preview:large, max-video-preview:-1\" \/>\n<link rel=\"canonical\" href=\"https:\/\/www.edugestion.es\/web\/politica-de-cookies\/\" \/>\n<meta property=\"og:locale\" content=\"es_ES\" \/>\n<meta property=\"og:type\" content=\"article\" \/>\n<meta property=\"og:title\" content=\"Pol\u00edtica de cookies - Edugesti\u00f3n\" \/>\n<meta property=\"og:description\" content=\"Las Cookies son ficheros de datos creados por el sitio web y almacenados previa aceptaci\u00f3n del usuario en el navegador o en su dispositivo durante el recorrido por las p\u00e1ginas o por la aplicaci\u00f3n, y sirven para almacenar informaci\u00f3n sobre la visita. Como la mayor\u00eda de los lugares en Internet, los portales web tienen que: [&hellip;]\" \/>\n<meta property=\"og:url\" content=\"https:\/\/www.edugestion.es\/web\/politica-de-cookies\/\" \/>\n<meta property=\"og:site_name\" content=\"Edugesti\u00f3n\" \/>\n<meta property=\"article:modified_time\" content=\"2025-04-16T07:30:57+00:00\" \/>\n<meta name=\"twitter:card\" content=\"summary_large_image\" \/>\n<meta name=\"twitter:label1\" content=\"Tiempo de lectura\" \/>\n\t<meta name=\"twitter:data1\" content=\"5 minutos\" \/>\n<script type=\"application\/ld+json\" class=\"yoast-schema-graph\">{\"@context\":\"https:\/\/schema.org\",\"@graph\":[{\"@type\":\"WebPage\",\"@id\":\"https:\/\/www.edugestion.es\/web\/politica-de-cookies\/\",\"url\":\"https:\/\/www.edugestion.es\/web\/politica-de-cookies\/\",\"name\":\"Pol\u00edtica de cookies - Edugesti\u00f3n\",\"isPartOf\":{\"@id\":\"https:\/\/www.edugestion.es\/web\/#website\"},\"datePublished\":\"2025-04-15T15:01:48+00:00\",\"dateModified\":\"2025-04-16T07:30:57+00:00\",\"breadcrumb\":{\"@id\":\"https:\/\/www.edugestion.es\/web\/politica-de-cookies\/#breadcrumb\"},\"inLanguage\":\"es\",\"potentialAction\":[{\"@type\":\"ReadAction\",\"target\":[\"https:\/\/www.edugestion.es\/web\/politica-de-cookies\/\"]}]},{\"@type\":\"BreadcrumbList\",\"@id\":\"https:\/\/www.edugestion.es\/web\/politica-de-cookies\/#breadcrumb\",\"itemListElement\":[{\"@type\":\"ListItem\",\"position\":1,\"name\":\"Portada\",\"item\":\"https:\/\/www.edugestion.es\/web\/\"},{\"@type\":\"ListItem\",\"position\":2,\"name\":\"Pol\u00edtica de cookies\"}]},{\"@type\":\"WebSite\",\"@id\":\"https:\/\/www.edugestion.es\/web\/#website\",\"url\":\"https:\/\/www.edugestion.es\/web\/\",\"name\":\"Edugesti\u00f3n\",\"description\":\"Servicios complementarios a vuestro programa de gesti\u00f3n\",\"potentialAction\":[{\"@type\":\"SearchAction\",\"target\":{\"@type\":\"EntryPoint\",\"urlTemplate\":\"https:\/\/www.edugestion.es\/web\/?s={search_term_string}\"},\"query-input\":{\"@type\":\"PropertyValueSpecification\",\"valueRequired\":true,\"valueName\":\"search_term_string\"}}],\"inLanguage\":\"es\"}]}<\/script>\n<!-- \/ Yoast SEO plugin. -->","yoast_head_json":{"title":"Pol\u00edtica de cookies - Edugesti\u00f3n","robots":{"index":"index","follow":"follow","max-snippet":"max-snippet:-1","max-image-preview":"max-image-preview:large","max-video-preview":"max-video-preview:-1"},"canonical":"https:\/\/www.edugestion.es\/web\/politica-de-cookies\/","og_locale":"es_ES","og_type":"article","og_title":"Pol\u00edtica de cookies - Edugesti\u00f3n","og_description":"Las Cookies son ficheros de datos creados por el sitio web y almacenados previa aceptaci\u00f3n del usuario en el navegador o en su dispositivo durante el recorrido por las p\u00e1ginas o por la aplicaci\u00f3n, y sirven para almacenar informaci\u00f3n sobre la visita. Como la mayor\u00eda de los lugares en Internet, los portales web tienen que: [&hellip;]","og_url":"https:\/\/www.edugestion.es\/web\/politica-de-cookies\/","og_site_name":"Edugesti\u00f3n","article_modified_time":"2025-04-16T07:30:57+00:00","twitter_card":"summary_large_image","twitter_misc":{"Tiempo de lectura":"5 minutos"},"schema":{"@context":"https:\/\/schema.org","@graph":[{"@type":"WebPage","@id":"https:\/\/www.edugestion.es\/web\/politica-de-cookies\/","url":"https:\/\/www.edugestion.es\/web\/politica-de-cookies\/","name":"Pol\u00edtica de cookies - Edugesti\u00f3n","isPartOf":{"@id":"https:\/\/www.edugestion.es\/web\/#website"},"datePublished":"2025-04-15T15:01:48+00:00","dateModified":"2025-04-16T07:30:57+00:00","breadcrumb":{"@id":"https:\/\/www.edugestion.es\/web\/politica-de-cookies\/#breadcrumb"},"inLanguage":"es","potentialAction":[{"@type":"ReadAction","target":["https:\/\/www.edugestion.es\/web\/politica-de-cookies\/"]}]},{"@type":"BreadcrumbList","@id":"https:\/\/www.edugestion.es\/web\/politica-de-cookies\/#breadcrumb","itemListElement":[{"@type":"ListItem","position":1,"name":"Portada","item":"https:\/\/www.edugestion.es\/web\/"},{"@type":"ListItem","position":2,"name":"Pol\u00edtica de cookies"}]},{"@type":"WebSite","@id":"https:\/\/www.edugestion.es\/web\/#website","url":"https:\/\/www.edugestion.es\/web\/","name":"Edugesti\u00f3n","description":"Servicios complementarios a vuestro programa de gesti\u00f3n","potentialAction":[{"@type":"SearchAction","target":{"@type":"EntryPoint","urlTemplate":"https:\/\/www.edugestion.es\/web\/?s={search_term_string}"},"query-input":{"@type":"PropertyValueSpecification","valueRequired":true,"valueName":"search_term_string"}}],"inLanguage":"es"}]}},"_links":{"self":[{"href":"https:\/\/www.edugestion.es\/web\/wp-json\/wp\/v2\/pages\/684","targetHints":{"allow":["GET"]}}],"collection":[{"href":"https:\/\/www.edugestion.es\/web\/wp-json\/wp\/v2\/pages"}],"about":[{"href":"https:\/\/www.edugestion.es\/web\/wp-json\/wp\/v2\/types\/page"}],"author":[{"embeddable":true,"href":"https:\/\/www.edugestion.es\/web\/wp-json\/wp\/v2\/users\/1"}],"replies":[{"embeddable":true,"href":"https:\/\/www.edugestion.es\/web\/wp-json\/wp\/v2\/comments?post=684"}],"version-history":[{"count":9,"href":"https:\/\/www.edugestion.es\/web\/wp-json\/wp\/v2\/pages\/684\/revisions"}],"predecessor-version":[{"id":704,"href":"https:\/\/www.edugestion.es\/web\/wp-json\/wp\/v2\/pages\/684\/revisions\/704"}],"wp:attachment":[{"href":"https:\/\/www.edugestion.es\/web\/wp-json\/wp\/v2\/media?parent=684"}],"curies":[{"name":"wp","href":"https:\/\/api.w.org\/{rel}","templated":true}]}}